{"id":1818,"date":"2021-12-16T08:08:44","date_gmt":"2021-12-16T07:08:44","guid":{"rendered":"https:\/\/www.valquimia.com\/tienda\/enetak-e652\/"},"modified":"2021-12-16T08:08:44","modified_gmt":"2021-12-16T07:08:44","slug":"enetak-e652-2","status":"publish","type":"product","link":"https:\/\/www.valquimia.com\/fr\/produit\/enetak-e652-2\/","title":{"rendered":"Enetak E652"},"content":{"rendered":"<p><strong>Adhesivo de poliuretano<\/strong> en base MDI, que cura con la humedad ambiente. De aplicaci\u00f3n en el pegado de pl\u00e1sticos, gomas, madera, metal, vidrio, cer\u00e1mica, c\u00e9sped artificial, etc.<\/p>\n<p><strong>Formatos disponibles: botella 940 gramos con c\u00e1nula, 750 gramos y lata de 20 kilos.<\/strong><\/p>\n","protected":false},"excerpt":{"rendered":"<p>Adhesivo de poliuretano en base MDI, que cura con la humedad ambiente.<\/p>\n<p><strong>Formatos disponibles: botella 940 gramos con c\u00e1nula, 750 gramos y lata de 20 kilos.<\/strong><\/p>\n","protected":false},"featured_media":1748,"comment_status":"closed","ping_status":"closed","template":"","meta":{"_et_pb_use_builder":"","_et_pb_old_content":"","_et_gb_content_width":"","_joinchat":[]},"product_brand":[],"product_cat":[106,84],"product_tag":[],"class_list":{"0":"post-1818","1":"product","2":"type-product","3":"status-publish","4":"has-post-thumbnail","6":"product_cat-adhesifs-fr-2","7":"product_cat-construction","9":"first","10":"instock","11":"product-type-simple"},"yoast_head":"<!-- This site is optimized with the Yoast SEO plugin v27.3 - https:\/\/yoast.com\/product\/yoast-seo-wordpress\/ -->\n<title>Enetak E652 - Valquimia<\/title>\n<meta name=\"robots\" content=\"index, follow, max-snippet:-1, max-image-preview:large, max-video-preview:-1\" \/>\n<link rel=\"canonical\" href=\"https:\/\/www.valquimia.com\/fr\/produit\/enetak-e652-2\/\" \/>\n<meta property=\"og:locale\" content=\"fr_FR\" \/>\n<meta property=\"og:type\" content=\"article\" \/>\n<meta property=\"og:title\" content=\"Enetak E652 - Valquimia\" \/>\n<meta property=\"og:description\" content=\"Adhesivo de poliuretano en base MDI, que cura con la humedad ambiente. Formatos disponibles: botella 940 gramos con c\u00e1nula, 750 gramos y lata de 20 kilos.\" \/>\n<meta property=\"og:url\" content=\"https:\/\/www.valquimia.com\/fr\/produit\/enetak-e652-2\/\" \/>\n<meta property=\"og:site_name\" content=\"Valquimia\" \/>\n<meta property=\"og:image\" content=\"https:\/\/www.valquimia.com\/wp-content\/uploads\/2021\/12\/01-enetak-652.jpg\" \/>\n\t<meta property=\"og:image:width\" content=\"1542\" \/>\n\t<meta property=\"og:image:height\" content=\"2056\" \/>\n\t<meta property=\"og:image:type\" content=\"image\/jpeg\" \/>\n<meta name=\"twitter:card\" content=\"summary_large_image\" \/>\n<script type=\"application\/ld+json\" class=\"yoast-schema-graph\">{\"@context\":\"https:\\\/\\\/schema.org\",\"@graph\":[{\"@type\":\"WebPage\",\"@id\":\"https:\\\/\\\/www.valquimia.com\\\/fr\\\/produit\\\/enetak-e652-2\\\/\",\"url\":\"https:\\\/\\\/www.valquimia.com\\\/fr\\\/produit\\\/enetak-e652-2\\\/\",\"name\":\"Enetak E652 - Valquimia\",\"isPartOf\":{\"@id\":\"https:\\\/\\\/www.valquimia.com\\\/fr\\\/#website\"},\"primaryImageOfPage\":{\"@id\":\"https:\\\/\\\/www.valquimia.com\\\/fr\\\/produit\\\/enetak-e652-2\\\/#primaryimage\"},\"image\":{\"@id\":\"https:\\\/\\\/www.valquimia.com\\\/fr\\\/produit\\\/enetak-e652-2\\\/#primaryimage\"},\"thumbnailUrl\":\"https:\\\/\\\/www.valquimia.com\\\/wp-content\\\/uploads\\\/2021\\\/12\\\/01-enetak-652.jpg\",\"datePublished\":\"2021-12-16T07:08:44+00:00\",\"breadcrumb\":{\"@id\":\"https:\\\/\\\/www.valquimia.com\\\/fr\\\/produit\\\/enetak-e652-2\\\/#breadcrumb\"},\"inLanguage\":\"fr-FR\",\"potentialAction\":[{\"@type\":\"ReadAction\",\"target\":[\"https:\\\/\\\/www.valquimia.com\\\/fr\\\/produit\\\/enetak-e652-2\\\/\"]}]},{\"@type\":\"ImageObject\",\"inLanguage\":\"fr-FR\",\"@id\":\"https:\\\/\\\/www.valquimia.com\\\/fr\\\/produit\\\/enetak-e652-2\\\/#primaryimage\",\"url\":\"https:\\\/\\\/www.valquimia.com\\\/wp-content\\\/uploads\\\/2021\\\/12\\\/01-enetak-652.jpg\",\"contentUrl\":\"https:\\\/\\\/www.valquimia.com\\\/wp-content\\\/uploads\\\/2021\\\/12\\\/01-enetak-652.jpg\",\"width\":1542,\"height\":2056,\"caption\":\"enetak-652\"},{\"@type\":\"BreadcrumbList\",\"@id\":\"https:\\\/\\\/www.valquimia.com\\\/fr\\\/produit\\\/enetak-e652-2\\\/#breadcrumb\",\"itemListElement\":[{\"@type\":\"ListItem\",\"position\":1,\"name\":\"Portada\",\"item\":\"https:\\\/\\\/www.valquimia.com\\\/fr\\\/\"},{\"@type\":\"ListItem\",\"position\":2,\"name\":\"Produits\",\"item\":\"https:\\\/\\\/www.valquimia.com\\\/fr\\\/produits\\\/\"},{\"@type\":\"ListItem\",\"position\":3,\"name\":\"Enetak E652\"}]},{\"@type\":\"WebSite\",\"@id\":\"https:\\\/\\\/www.valquimia.com\\\/fr\\\/#website\",\"url\":\"https:\\\/\\\/www.valquimia.com\\\/fr\\\/\",\"name\":\"Valquimia\",\"description\":\"Productos qu\u00edmicos\",\"potentialAction\":[{\"@type\":\"SearchAction\",\"target\":{\"@type\":\"EntryPoint\",\"urlTemplate\":\"https:\\\/\\\/www.valquimia.com\\\/fr\\\/?s={search_term_string}\"},\"query-input\":{\"@type\":\"PropertyValueSpecification\",\"valueRequired\":true,\"valueName\":\"search_term_string\"}}],\"inLanguage\":\"fr-FR\"}]}<\/script>\n<!-- \/ Yoast SEO plugin. -->","yoast_head_json":{"title":"Enetak E652 - Valquimia","robots":{"index":"index","follow":"follow","max-snippet":"max-snippet:-1","max-image-preview":"max-image-preview:large","max-video-preview":"max-video-preview:-1"},"canonical":"https:\/\/www.valquimia.com\/fr\/produit\/enetak-e652-2\/","og_locale":"fr_FR","og_type":"article","og_title":"Enetak E652 - Valquimia","og_description":"Adhesivo de poliuretano en base MDI, que cura con la humedad ambiente. Formatos disponibles: botella 940 gramos con c\u00e1nula, 750 gramos y lata de 20 kilos.","og_url":"https:\/\/www.valquimia.com\/fr\/produit\/enetak-e652-2\/","og_site_name":"Valquimia","og_image":[{"width":1542,"height":2056,"url":"https:\/\/www.valquimia.com\/wp-content\/uploads\/2021\/12\/01-enetak-652.jpg","type":"image\/jpeg"}],"twitter_card":"summary_large_image","schema":{"@context":"https:\/\/schema.org","@graph":[{"@type":"WebPage","@id":"https:\/\/www.valquimia.com\/fr\/produit\/enetak-e652-2\/","url":"https:\/\/www.valquimia.com\/fr\/produit\/enetak-e652-2\/","name":"Enetak E652 - Valquimia","isPartOf":{"@id":"https:\/\/www.valquimia.com\/fr\/#website"},"primaryImageOfPage":{"@id":"https:\/\/www.valquimia.com\/fr\/produit\/enetak-e652-2\/#primaryimage"},"image":{"@id":"https:\/\/www.valquimia.com\/fr\/produit\/enetak-e652-2\/#primaryimage"},"thumbnailUrl":"https:\/\/www.valquimia.com\/wp-content\/uploads\/2021\/12\/01-enetak-652.jpg","datePublished":"2021-12-16T07:08:44+00:00","breadcrumb":{"@id":"https:\/\/www.valquimia.com\/fr\/produit\/enetak-e652-2\/#breadcrumb"},"inLanguage":"fr-FR","potentialAction":[{"@type":"ReadAction","target":["https:\/\/www.valquimia.com\/fr\/produit\/enetak-e652-2\/"]}]},{"@type":"ImageObject","inLanguage":"fr-FR","@id":"https:\/\/www.valquimia.com\/fr\/produit\/enetak-e652-2\/#primaryimage","url":"https:\/\/www.valquimia.com\/wp-content\/uploads\/2021\/12\/01-enetak-652.jpg","contentUrl":"https:\/\/www.valquimia.com\/wp-content\/uploads\/2021\/12\/01-enetak-652.jpg","width":1542,"height":2056,"caption":"enetak-652"},{"@type":"BreadcrumbList","@id":"https:\/\/www.valquimia.com\/fr\/produit\/enetak-e652-2\/#breadcrumb","itemListElement":[{"@type":"ListItem","position":1,"name":"Portada","item":"https:\/\/www.valquimia.com\/fr\/"},{"@type":"ListItem","position":2,"name":"Produits","item":"https:\/\/www.valquimia.com\/fr\/produits\/"},{"@type":"ListItem","position":3,"name":"Enetak E652"}]},{"@type":"WebSite","@id":"https:\/\/www.valquimia.com\/fr\/#website","url":"https:\/\/www.valquimia.com\/fr\/","name":"Valquimia","description":"Productos qu\u00edmicos","potentialAction":[{"@type":"SearchAction","target":{"@type":"EntryPoint","urlTemplate":"https:\/\/www.valquimia.com\/fr\/?s={search_term_string}"},"query-input":{"@type":"PropertyValueSpecification","valueRequired":true,"valueName":"search_term_string"}}],"inLanguage":"fr-FR"}]}},"_links":{"self":[{"href":"https:\/\/www.valquimia.com\/fr\/wp-json\/wp\/v2\/product\/1818","targetHints":{"allow":["GET"]}}],"collection":[{"href":"https:\/\/www.valquimia.com\/fr\/wp-json\/wp\/v2\/product"}],"about":[{"href":"https:\/\/www.valquimia.com\/fr\/wp-json\/wp\/v2\/types\/product"}],"replies":[{"embeddable":true,"href":"https:\/\/www.valquimia.com\/fr\/wp-json\/wp\/v2\/comments?post=1818"}],"wp:featuredmedia":[{"embeddable":true,"href":"https:\/\/www.valquimia.com\/fr\/wp-json\/wp\/v2\/media\/1748"}],"wp:attachment":[{"href":"https:\/\/www.valquimia.com\/fr\/wp-json\/wp\/v2\/media?parent=1818"}],"wp:term":[{"taxonomy":"product_brand","embeddable":true,"href":"https:\/\/www.valquimia.com\/fr\/wp-json\/wp\/v2\/product_brand?post=1818"},{"taxonomy":"product_cat","embeddable":true,"href":"https:\/\/www.valquimia.com\/fr\/wp-json\/wp\/v2\/product_cat?post=1818"},{"taxonomy":"product_tag","embeddable":true,"href":"https:\/\/www.valquimia.com\/fr\/wp-json\/wp\/v2\/product_tag?post=1818"}],"curies":[{"name":"wp","href":"https:\/\/api.w.org\/{rel}","templated":true}]}}