{"id":1796,"date":"2021-12-16T09:19:44","date_gmt":"2021-12-16T08:19:44","guid":{"rendered":"https:\/\/www.valquimia.com\/tienda\/everdrai-a\/"},"modified":"2022-04-12T09:07:47","modified_gmt":"2022-04-12T07:07:47","slug":"everdrai-a","status":"publish","type":"product","link":"https:\/\/www.valquimia.com\/fr\/produit\/everdrai-a\/","title":{"rendered":"Everdrai A"},"content":{"rendered":"<p>El agua y los contaminantes trasportados por el agua son los peores enemigos de la construcci\u00f3n (erosi\u00f3n por hielo, lluvia \u00e1cida, corrosi\u00f3n de estructuras met\u00e1licas de refuerzo, crecimiento de algas y hongos).<\/p>\n<p><strong>EVERDRAI A<\/strong> es una imprimaci\u00f3n hidr\u00f3fuga de base acuosa de silanos y siloxanos que forma una capa transparente para fachadas, tejados, hormig\u00f3n, piedra natural, ladrillo \u201ccara-vista\u201d, fibrocemento, etc.<\/p>\n<p><strong>Formatos disponibles: 5 litros y 25 litros.<\/strong><\/p>\n","protected":false},"excerpt":{"rendered":"<p>Imprimaci\u00f3n hidr\u00f3fuga de silanos y siloxanos que forma una capa transparente sobre superficies minerales.<\/p>\n<p><strong>Formatos disponibles: 5 litros y 25 litros.<\/strong><\/p>\n","protected":false},"featured_media":1768,"comment_status":"closed","ping_status":"closed","template":"","meta":{"_et_pb_use_builder":"","_et_pb_old_content":"","_et_gb_content_width":"","_joinchat":[]},"product_brand":[],"product_cat":[84,102],"product_tag":[],"class_list":{"0":"post-1796","1":"product","2":"type-product","3":"status-publish","4":"has-post-thumbnail","6":"product_cat-construction","7":"product_cat-impermeabilisation-et-deperlance","9":"first","10":"instock","11":"product-type-simple"},"yoast_head":"<!-- This site is optimized with the Yoast SEO plugin v27.3 - https:\/\/yoast.com\/product\/yoast-seo-wordpress\/ -->\n<title>Everdrai A - Valquimia<\/title>\n<meta name=\"robots\" content=\"index, follow, max-snippet:-1, max-image-preview:large, max-video-preview:-1\" \/>\n<link rel=\"canonical\" href=\"https:\/\/www.valquimia.com\/fr\/produit\/everdrai-a\/\" \/>\n<meta property=\"og:locale\" content=\"fr_FR\" \/>\n<meta property=\"og:type\" content=\"article\" \/>\n<meta property=\"og:title\" content=\"Everdrai A - Valquimia\" \/>\n<meta property=\"og:description\" content=\"Imprimaci\u00f3n hidr\u00f3fuga de silanos y siloxanos que forma una capa transparente sobre superficies minerales. Formatos disponibles: 5 litros y 25 litros.\" \/>\n<meta property=\"og:url\" content=\"https:\/\/www.valquimia.com\/fr\/produit\/everdrai-a\/\" \/>\n<meta property=\"og:site_name\" content=\"Valquimia\" \/>\n<meta property=\"article:modified_time\" content=\"2022-04-12T07:07:47+00:00\" \/>\n<meta property=\"og:image\" content=\"https:\/\/www.valquimia.com\/wp-content\/uploads\/2021\/12\/24-everdrai-a.jpg\" \/>\n\t<meta property=\"og:image:width\" content=\"1542\" \/>\n\t<meta property=\"og:image:height\" content=\"2056\" \/>\n\t<meta property=\"og:image:type\" content=\"image\/jpeg\" \/>\n<meta name=\"twitter:card\" content=\"summary_large_image\" \/>\n<script type=\"application\/ld+json\" class=\"yoast-schema-graph\">{\"@context\":\"https:\\\/\\\/schema.org\",\"@graph\":[{\"@type\":\"WebPage\",\"@id\":\"https:\\\/\\\/www.valquimia.com\\\/fr\\\/produit\\\/everdrai-a\\\/\",\"url\":\"https:\\\/\\\/www.valquimia.com\\\/fr\\\/produit\\\/everdrai-a\\\/\",\"name\":\"Everdrai A - Valquimia\",\"isPartOf\":{\"@id\":\"https:\\\/\\\/www.valquimia.com\\\/fr\\\/#website\"},\"primaryImageOfPage\":{\"@id\":\"https:\\\/\\\/www.valquimia.com\\\/fr\\\/produit\\\/everdrai-a\\\/#primaryimage\"},\"image\":{\"@id\":\"https:\\\/\\\/www.valquimia.com\\\/fr\\\/produit\\\/everdrai-a\\\/#primaryimage\"},\"thumbnailUrl\":\"https:\\\/\\\/www.valquimia.com\\\/wp-content\\\/uploads\\\/2021\\\/12\\\/24-everdrai-a.jpg\",\"datePublished\":\"2021-12-16T08:19:44+00:00\",\"dateModified\":\"2022-04-12T07:07:47+00:00\",\"breadcrumb\":{\"@id\":\"https:\\\/\\\/www.valquimia.com\\\/fr\\\/produit\\\/everdrai-a\\\/#breadcrumb\"},\"inLanguage\":\"fr-FR\",\"potentialAction\":[{\"@type\":\"ReadAction\",\"target\":[\"https:\\\/\\\/www.valquimia.com\\\/fr\\\/produit\\\/everdrai-a\\\/\"]}]},{\"@type\":\"ImageObject\",\"inLanguage\":\"fr-FR\",\"@id\":\"https:\\\/\\\/www.valquimia.com\\\/fr\\\/produit\\\/everdrai-a\\\/#primaryimage\",\"url\":\"https:\\\/\\\/www.valquimia.com\\\/wp-content\\\/uploads\\\/2021\\\/12\\\/24-everdrai-a.jpg\",\"contentUrl\":\"https:\\\/\\\/www.valquimia.com\\\/wp-content\\\/uploads\\\/2021\\\/12\\\/24-everdrai-a.jpg\",\"width\":1542,\"height\":2056,\"caption\":\"everdrai a\"},{\"@type\":\"BreadcrumbList\",\"@id\":\"https:\\\/\\\/www.valquimia.com\\\/fr\\\/produit\\\/everdrai-a\\\/#breadcrumb\",\"itemListElement\":[{\"@type\":\"ListItem\",\"position\":1,\"name\":\"Portada\",\"item\":\"https:\\\/\\\/www.valquimia.com\\\/fr\\\/\"},{\"@type\":\"ListItem\",\"position\":2,\"name\":\"Produits\",\"item\":\"https:\\\/\\\/www.valquimia.com\\\/fr\\\/produits\\\/\"},{\"@type\":\"ListItem\",\"position\":3,\"name\":\"Everdrai A\"}]},{\"@type\":\"WebSite\",\"@id\":\"https:\\\/\\\/www.valquimia.com\\\/fr\\\/#website\",\"url\":\"https:\\\/\\\/www.valquimia.com\\\/fr\\\/\",\"name\":\"Valquimia\",\"description\":\"Productos qu\u00edmicos\",\"potentialAction\":[{\"@type\":\"SearchAction\",\"target\":{\"@type\":\"EntryPoint\",\"urlTemplate\":\"https:\\\/\\\/www.valquimia.com\\\/fr\\\/?s={search_term_string}\"},\"query-input\":{\"@type\":\"PropertyValueSpecification\",\"valueRequired\":true,\"valueName\":\"search_term_string\"}}],\"inLanguage\":\"fr-FR\"}]}<\/script>\n<!-- \/ Yoast SEO plugin. -->","yoast_head_json":{"title":"Everdrai A - Valquimia","robots":{"index":"index","follow":"follow","max-snippet":"max-snippet:-1","max-image-preview":"max-image-preview:large","max-video-preview":"max-video-preview:-1"},"canonical":"https:\/\/www.valquimia.com\/fr\/produit\/everdrai-a\/","og_locale":"fr_FR","og_type":"article","og_title":"Everdrai A - Valquimia","og_description":"Imprimaci\u00f3n hidr\u00f3fuga de silanos y siloxanos que forma una capa transparente sobre superficies minerales. Formatos disponibles: 5 litros y 25 litros.","og_url":"https:\/\/www.valquimia.com\/fr\/produit\/everdrai-a\/","og_site_name":"Valquimia","article_modified_time":"2022-04-12T07:07:47+00:00","og_image":[{"width":1542,"height":2056,"url":"https:\/\/www.valquimia.com\/wp-content\/uploads\/2021\/12\/24-everdrai-a.jpg","type":"image\/jpeg"}],"twitter_card":"summary_large_image","schema":{"@context":"https:\/\/schema.org","@graph":[{"@type":"WebPage","@id":"https:\/\/www.valquimia.com\/fr\/produit\/everdrai-a\/","url":"https:\/\/www.valquimia.com\/fr\/produit\/everdrai-a\/","name":"Everdrai A - Valquimia","isPartOf":{"@id":"https:\/\/www.valquimia.com\/fr\/#website"},"primaryImageOfPage":{"@id":"https:\/\/www.valquimia.com\/fr\/produit\/everdrai-a\/#primaryimage"},"image":{"@id":"https:\/\/www.valquimia.com\/fr\/produit\/everdrai-a\/#primaryimage"},"thumbnailUrl":"https:\/\/www.valquimia.com\/wp-content\/uploads\/2021\/12\/24-everdrai-a.jpg","datePublished":"2021-12-16T08:19:44+00:00","dateModified":"2022-04-12T07:07:47+00:00","breadcrumb":{"@id":"https:\/\/www.valquimia.com\/fr\/produit\/everdrai-a\/#breadcrumb"},"inLanguage":"fr-FR","potentialAction":[{"@type":"ReadAction","target":["https:\/\/www.valquimia.com\/fr\/produit\/everdrai-a\/"]}]},{"@type":"ImageObject","inLanguage":"fr-FR","@id":"https:\/\/www.valquimia.com\/fr\/produit\/everdrai-a\/#primaryimage","url":"https:\/\/www.valquimia.com\/wp-content\/uploads\/2021\/12\/24-everdrai-a.jpg","contentUrl":"https:\/\/www.valquimia.com\/wp-content\/uploads\/2021\/12\/24-everdrai-a.jpg","width":1542,"height":2056,"caption":"everdrai a"},{"@type":"BreadcrumbList","@id":"https:\/\/www.valquimia.com\/fr\/produit\/everdrai-a\/#breadcrumb","itemListElement":[{"@type":"ListItem","position":1,"name":"Portada","item":"https:\/\/www.valquimia.com\/fr\/"},{"@type":"ListItem","position":2,"name":"Produits","item":"https:\/\/www.valquimia.com\/fr\/produits\/"},{"@type":"ListItem","position":3,"name":"Everdrai A"}]},{"@type":"WebSite","@id":"https:\/\/www.valquimia.com\/fr\/#website","url":"https:\/\/www.valquimia.com\/fr\/","name":"Valquimia","description":"Productos qu\u00edmicos","potentialAction":[{"@type":"SearchAction","target":{"@type":"EntryPoint","urlTemplate":"https:\/\/www.valquimia.com\/fr\/?s={search_term_string}"},"query-input":{"@type":"PropertyValueSpecification","valueRequired":true,"valueName":"search_term_string"}}],"inLanguage":"fr-FR"}]}},"_links":{"self":[{"href":"https:\/\/www.valquimia.com\/fr\/wp-json\/wp\/v2\/product\/1796","targetHints":{"allow":["GET"]}}],"collection":[{"href":"https:\/\/www.valquimia.com\/fr\/wp-json\/wp\/v2\/product"}],"about":[{"href":"https:\/\/www.valquimia.com\/fr\/wp-json\/wp\/v2\/types\/product"}],"replies":[{"embeddable":true,"href":"https:\/\/www.valquimia.com\/fr\/wp-json\/wp\/v2\/comments?post=1796"}],"wp:featuredmedia":[{"embeddable":true,"href":"https:\/\/www.valquimia.com\/fr\/wp-json\/wp\/v2\/media\/1768"}],"wp:attachment":[{"href":"https:\/\/www.valquimia.com\/fr\/wp-json\/wp\/v2\/media?parent=1796"}],"wp:term":[{"taxonomy":"product_brand","embeddable":true,"href":"https:\/\/www.valquimia.com\/fr\/wp-json\/wp\/v2\/product_brand?post=1796"},{"taxonomy":"product_cat","embeddable":true,"href":"https:\/\/www.valquimia.com\/fr\/wp-json\/wp\/v2\/product_cat?post=1796"},{"taxonomy":"product_tag","embeddable":true,"href":"https:\/\/www.valquimia.com\/fr\/wp-json\/wp\/v2\/product_tag?post=1796"}],"curies":[{"name":"wp","href":"https:\/\/api.w.org\/{rel}","templated":true}]}}