{"id":1641,"date":"2021-12-14T09:37:50","date_gmt":"2021-12-14T08:37:50","guid":{"rendered":"https:\/\/www.valquimia.com\/tienda\/2cq03\/"},"modified":"2021-12-14T09:37:50","modified_gmt":"2021-12-14T08:37:50","slug":"2cq03-2","status":"publish","type":"product","link":"https:\/\/www.valquimia.com\/fr\/produit\/2cq03-2\/","title":{"rendered":"2CQ03"},"content":{"rendered":"<p><strong>La bande d\u2019union 2CQ03<\/strong> est une membrane g\u00e9otextile \u00e0 deux faces. Elle sert de support \u00e0 l\u2019adh\u00e9sif GREENBOAR ENETAK 2VL en unissant deux sections de gazon artificiel. \u00c0 appliquer dans des installations de gazon artificiel pr\u00e9sentant une grande r\u00e9sistance \u00e0 la traction et une bonne adh\u00e9sion \u00e0 la colle, aussi bien dans des installations ornementales que sportives. Le mat\u00e9riau est imputrescible. Il n\u2019est pas attaqu\u00e9 par des bact\u00e9ries ou des moisissures et conserve ind\u00e9finiment son efficacit\u00e9. <strong>Format disponible : Rouleau de 100&#215;0.3 m<\/strong><\/p>\n","protected":false},"excerpt":{"rendered":"<p>Banda d\u2019union \u00e0 deux faces pour collage de gazon artificiel avec l\u2019adh\u00e9sif GREENBOAR ENETAK 2VL <strong>Format disponible : Rouleau de 100&#215;0.3 m<\/strong><\/p>\n","protected":false},"featured_media":1642,"comment_status":"closed","ping_status":"closed","template":"","meta":{"_et_pb_use_builder":"","_et_pb_old_content":"","_et_gb_content_width":"","_joinchat":[]},"product_brand":[],"product_cat":[94,86],"product_tag":[],"class_list":{"0":"post-1641","1":"product","2":"type-product","3":"status-publish","4":"has-post-thumbnail","6":"product_cat-bandes-dunion","7":"product_cat-gazon-terrains-de-sport-et-jardinage","9":"first","10":"instock","11":"product-type-simple"},"yoast_head":"<!-- This site is optimized with the Yoast SEO plugin v27.3 - https:\/\/yoast.com\/product\/yoast-seo-wordpress\/ -->\n<title>2CQ03 - Valquimia<\/title>\n<meta name=\"robots\" content=\"index, follow, max-snippet:-1, max-image-preview:large, max-video-preview:-1\" \/>\n<link rel=\"canonical\" href=\"https:\/\/www.valquimia.com\/fr\/produit\/2cq03-2\/\" \/>\n<meta property=\"og:locale\" content=\"fr_FR\" \/>\n<meta property=\"og:type\" content=\"article\" \/>\n<meta property=\"og:title\" content=\"2CQ03 - Valquimia\" \/>\n<meta property=\"og:description\" content=\"Banda d\u2019union \u00e0 deux faces pour collage de gazon artificiel avec l\u2019adh\u00e9sif GREENBOAR ENETAK 2VL Format disponible : Rouleau de 100x0.3 m\" \/>\n<meta property=\"og:url\" content=\"https:\/\/www.valquimia.com\/fr\/produit\/2cq03-2\/\" \/>\n<meta property=\"og:site_name\" content=\"Valquimia\" \/>\n<meta property=\"og:image\" content=\"https:\/\/www.valquimia.com\/wp-content\/uploads\/2021\/12\/31-rollo-02-2cq03.jpg\" \/>\n\t<meta property=\"og:image:width\" content=\"1542\" \/>\n\t<meta property=\"og:image:height\" content=\"2056\" \/>\n\t<meta property=\"og:image:type\" content=\"image\/jpeg\" \/>\n<meta name=\"twitter:card\" content=\"summary_large_image\" \/>\n<script type=\"application\/ld+json\" class=\"yoast-schema-graph\">{\"@context\":\"https:\\\/\\\/schema.org\",\"@graph\":[{\"@type\":\"WebPage\",\"@id\":\"https:\\\/\\\/www.valquimia.com\\\/fr\\\/produit\\\/2cq03-2\\\/\",\"url\":\"https:\\\/\\\/www.valquimia.com\\\/fr\\\/produit\\\/2cq03-2\\\/\",\"name\":\"2CQ03 - Valquimia\",\"isPartOf\":{\"@id\":\"https:\\\/\\\/www.valquimia.com\\\/fr\\\/#website\"},\"primaryImageOfPage\":{\"@id\":\"https:\\\/\\\/www.valquimia.com\\\/fr\\\/produit\\\/2cq03-2\\\/#primaryimage\"},\"image\":{\"@id\":\"https:\\\/\\\/www.valquimia.com\\\/fr\\\/produit\\\/2cq03-2\\\/#primaryimage\"},\"thumbnailUrl\":\"https:\\\/\\\/www.valquimia.com\\\/wp-content\\\/uploads\\\/2021\\\/12\\\/31-rollo-02-2cq03.jpg\",\"datePublished\":\"2021-12-14T08:37:50+00:00\",\"breadcrumb\":{\"@id\":\"https:\\\/\\\/www.valquimia.com\\\/fr\\\/produit\\\/2cq03-2\\\/#breadcrumb\"},\"inLanguage\":\"fr-FR\",\"potentialAction\":[{\"@type\":\"ReadAction\",\"target\":[\"https:\\\/\\\/www.valquimia.com\\\/fr\\\/produit\\\/2cq03-2\\\/\"]}]},{\"@type\":\"ImageObject\",\"inLanguage\":\"fr-FR\",\"@id\":\"https:\\\/\\\/www.valquimia.com\\\/fr\\\/produit\\\/2cq03-2\\\/#primaryimage\",\"url\":\"https:\\\/\\\/www.valquimia.com\\\/wp-content\\\/uploads\\\/2021\\\/12\\\/31-rollo-02-2cq03.jpg\",\"contentUrl\":\"https:\\\/\\\/www.valquimia.com\\\/wp-content\\\/uploads\\\/2021\\\/12\\\/31-rollo-02-2cq03.jpg\",\"width\":1542,\"height\":2056,\"caption\":\"Banda\"},{\"@type\":\"BreadcrumbList\",\"@id\":\"https:\\\/\\\/www.valquimia.com\\\/fr\\\/produit\\\/2cq03-2\\\/#breadcrumb\",\"itemListElement\":[{\"@type\":\"ListItem\",\"position\":1,\"name\":\"Portada\",\"item\":\"https:\\\/\\\/www.valquimia.com\\\/fr\\\/\"},{\"@type\":\"ListItem\",\"position\":2,\"name\":\"Produits\",\"item\":\"https:\\\/\\\/www.valquimia.com\\\/fr\\\/produits\\\/\"},{\"@type\":\"ListItem\",\"position\":3,\"name\":\"2CQ03\"}]},{\"@type\":\"WebSite\",\"@id\":\"https:\\\/\\\/www.valquimia.com\\\/fr\\\/#website\",\"url\":\"https:\\\/\\\/www.valquimia.com\\\/fr\\\/\",\"name\":\"Valquimia\",\"description\":\"Productos qu\u00edmicos\",\"potentialAction\":[{\"@type\":\"SearchAction\",\"target\":{\"@type\":\"EntryPoint\",\"urlTemplate\":\"https:\\\/\\\/www.valquimia.com\\\/fr\\\/?s={search_term_string}\"},\"query-input\":{\"@type\":\"PropertyValueSpecification\",\"valueRequired\":true,\"valueName\":\"search_term_string\"}}],\"inLanguage\":\"fr-FR\"}]}<\/script>\n<!-- \/ Yoast SEO plugin. -->","yoast_head_json":{"title":"2CQ03 - Valquimia","robots":{"index":"index","follow":"follow","max-snippet":"max-snippet:-1","max-image-preview":"max-image-preview:large","max-video-preview":"max-video-preview:-1"},"canonical":"https:\/\/www.valquimia.com\/fr\/produit\/2cq03-2\/","og_locale":"fr_FR","og_type":"article","og_title":"2CQ03 - Valquimia","og_description":"Banda d\u2019union \u00e0 deux faces pour collage de gazon artificiel avec l\u2019adh\u00e9sif GREENBOAR ENETAK 2VL Format disponible : Rouleau de 100x0.3 m","og_url":"https:\/\/www.valquimia.com\/fr\/produit\/2cq03-2\/","og_site_name":"Valquimia","og_image":[{"width":1542,"height":2056,"url":"https:\/\/www.valquimia.com\/wp-content\/uploads\/2021\/12\/31-rollo-02-2cq03.jpg","type":"image\/jpeg"}],"twitter_card":"summary_large_image","schema":{"@context":"https:\/\/schema.org","@graph":[{"@type":"WebPage","@id":"https:\/\/www.valquimia.com\/fr\/produit\/2cq03-2\/","url":"https:\/\/www.valquimia.com\/fr\/produit\/2cq03-2\/","name":"2CQ03 - Valquimia","isPartOf":{"@id":"https:\/\/www.valquimia.com\/fr\/#website"},"primaryImageOfPage":{"@id":"https:\/\/www.valquimia.com\/fr\/produit\/2cq03-2\/#primaryimage"},"image":{"@id":"https:\/\/www.valquimia.com\/fr\/produit\/2cq03-2\/#primaryimage"},"thumbnailUrl":"https:\/\/www.valquimia.com\/wp-content\/uploads\/2021\/12\/31-rollo-02-2cq03.jpg","datePublished":"2021-12-14T08:37:50+00:00","breadcrumb":{"@id":"https:\/\/www.valquimia.com\/fr\/produit\/2cq03-2\/#breadcrumb"},"inLanguage":"fr-FR","potentialAction":[{"@type":"ReadAction","target":["https:\/\/www.valquimia.com\/fr\/produit\/2cq03-2\/"]}]},{"@type":"ImageObject","inLanguage":"fr-FR","@id":"https:\/\/www.valquimia.com\/fr\/produit\/2cq03-2\/#primaryimage","url":"https:\/\/www.valquimia.com\/wp-content\/uploads\/2021\/12\/31-rollo-02-2cq03.jpg","contentUrl":"https:\/\/www.valquimia.com\/wp-content\/uploads\/2021\/12\/31-rollo-02-2cq03.jpg","width":1542,"height":2056,"caption":"Banda"},{"@type":"BreadcrumbList","@id":"https:\/\/www.valquimia.com\/fr\/produit\/2cq03-2\/#breadcrumb","itemListElement":[{"@type":"ListItem","position":1,"name":"Portada","item":"https:\/\/www.valquimia.com\/fr\/"},{"@type":"ListItem","position":2,"name":"Produits","item":"https:\/\/www.valquimia.com\/fr\/produits\/"},{"@type":"ListItem","position":3,"name":"2CQ03"}]},{"@type":"WebSite","@id":"https:\/\/www.valquimia.com\/fr\/#website","url":"https:\/\/www.valquimia.com\/fr\/","name":"Valquimia","description":"Productos qu\u00edmicos","potentialAction":[{"@type":"SearchAction","target":{"@type":"EntryPoint","urlTemplate":"https:\/\/www.valquimia.com\/fr\/?s={search_term_string}"},"query-input":{"@type":"PropertyValueSpecification","valueRequired":true,"valueName":"search_term_string"}}],"inLanguage":"fr-FR"}]}},"_links":{"self":[{"href":"https:\/\/www.valquimia.com\/fr\/wp-json\/wp\/v2\/product\/1641","targetHints":{"allow":["GET"]}}],"collection":[{"href":"https:\/\/www.valquimia.com\/fr\/wp-json\/wp\/v2\/product"}],"about":[{"href":"https:\/\/www.valquimia.com\/fr\/wp-json\/wp\/v2\/types\/product"}],"replies":[{"embeddable":true,"href":"https:\/\/www.valquimia.com\/fr\/wp-json\/wp\/v2\/comments?post=1641"}],"wp:featuredmedia":[{"embeddable":true,"href":"https:\/\/www.valquimia.com\/fr\/wp-json\/wp\/v2\/media\/1642"}],"wp:attachment":[{"href":"https:\/\/www.valquimia.com\/fr\/wp-json\/wp\/v2\/media?parent=1641"}],"wp:term":[{"taxonomy":"product_brand","embeddable":true,"href":"https:\/\/www.valquimia.com\/fr\/wp-json\/wp\/v2\/product_brand?post=1641"},{"taxonomy":"product_cat","embeddable":true,"href":"https:\/\/www.valquimia.com\/fr\/wp-json\/wp\/v2\/product_cat?post=1641"},{"taxonomy":"product_tag","embeddable":true,"href":"https:\/\/www.valquimia.com\/fr\/wp-json\/wp\/v2\/product_tag?post=1641"}],"curies":[{"name":"wp","href":"https:\/\/api.w.org\/{rel}","templated":true}]}}