{"id":1627,"date":"2021-12-14T09:43:50","date_gmt":"2021-12-14T08:43:50","guid":{"rendered":"https:\/\/www.valquimia.com\/tienda\/cave-arbor\/"},"modified":"2021-12-14T09:43:50","modified_gmt":"2021-12-14T08:43:50","slug":"cave-arbor-2","status":"publish","type":"product","link":"https:\/\/www.valquimia.com\/fr\/produit\/cave-arbor-2\/","title":{"rendered":"Cave Arbor"},"content":{"rendered":"<p><strong>Syst\u00e8me de r\u00e9sine \u00e0 deux composants<\/strong> appropri\u00e9 pour agglom\u00e9rer des granulats sur des rev\u00eatements drainants d\u00e9coratifs (cuvettes d\u2019arbres, protections, chemins, jardin japonais, etc.) r\u00e9sistant aux intemp\u00e9ries, permettant le passage de l\u2019eau d\u2019irrigation et de l\u2019air et emp\u00eachant l\u2019accumulation d\u2019ordures et les chutes de personnes \u00e0 diff\u00e9rent niveau. <strong>Format disponible : Pack de 880 grammes (A+B)<\/strong><\/p>\n","protected":false},"excerpt":{"rendered":"<p>Syst\u00e8me de r\u00e9sine \u00e0 deux composants pour agglom\u00e9rer les granulats. <strong>Format disponible : Pack de 880 grammes (A+B)<\/strong><\/p>\n","protected":false},"featured_media":1628,"comment_status":"closed","ping_status":"closed","template":"","meta":{"_et_pb_use_builder":"","_et_pb_old_content":"","_et_gb_content_width":"","_joinchat":[]},"product_brand":[],"product_cat":[91,86],"product_tag":[],"class_list":{"0":"post-1627","1":"product","2":"type-product","3":"status-publish","4":"has-post-thumbnail","6":"product_cat-agglomerant-de-pierres","7":"product_cat-gazon-terrains-de-sport-et-jardinage","9":"first","10":"instock","11":"product-type-simple"},"yoast_head":"<!-- This site is optimized with the Yoast SEO plugin v27.3 - https:\/\/yoast.com\/product\/yoast-seo-wordpress\/ -->\n<title>Cave Arbor - Valquimia<\/title>\n<meta name=\"robots\" content=\"index, follow, max-snippet:-1, max-image-preview:large, max-video-preview:-1\" \/>\n<link rel=\"canonical\" href=\"https:\/\/www.valquimia.com\/fr\/produit\/cave-arbor-2\/\" \/>\n<meta property=\"og:locale\" content=\"fr_FR\" \/>\n<meta property=\"og:type\" content=\"article\" \/>\n<meta property=\"og:title\" content=\"Cave Arbor - Valquimia\" \/>\n<meta property=\"og:description\" content=\"Syst\u00e8me de r\u00e9sine \u00e0 deux composants pour agglom\u00e9rer les granulats. Format disponible : Pack de 880 grammes (A+B)\" \/>\n<meta property=\"og:url\" content=\"https:\/\/www.valquimia.com\/fr\/produit\/cave-arbor-2\/\" \/>\n<meta property=\"og:site_name\" content=\"Valquimia\" \/>\n<meta property=\"og:image\" content=\"https:\/\/www.valquimia.com\/wp-content\/uploads\/2021\/12\/35-sistema-relleno-alcorques_.jpg\" \/>\n\t<meta property=\"og:image:width\" content=\"1542\" \/>\n\t<meta property=\"og:image:height\" content=\"2056\" \/>\n\t<meta property=\"og:image:type\" content=\"image\/jpeg\" \/>\n<meta name=\"twitter:card\" content=\"summary_large_image\" \/>\n<script type=\"application\/ld+json\" class=\"yoast-schema-graph\">{\"@context\":\"https:\\\/\\\/schema.org\",\"@graph\":[{\"@type\":\"WebPage\",\"@id\":\"https:\\\/\\\/www.valquimia.com\\\/fr\\\/produit\\\/cave-arbor-2\\\/\",\"url\":\"https:\\\/\\\/www.valquimia.com\\\/fr\\\/produit\\\/cave-arbor-2\\\/\",\"name\":\"Cave Arbor - Valquimia\",\"isPartOf\":{\"@id\":\"https:\\\/\\\/www.valquimia.com\\\/fr\\\/#website\"},\"primaryImageOfPage\":{\"@id\":\"https:\\\/\\\/www.valquimia.com\\\/fr\\\/produit\\\/cave-arbor-2\\\/#primaryimage\"},\"image\":{\"@id\":\"https:\\\/\\\/www.valquimia.com\\\/fr\\\/produit\\\/cave-arbor-2\\\/#primaryimage\"},\"thumbnailUrl\":\"https:\\\/\\\/www.valquimia.com\\\/wp-content\\\/uploads\\\/2021\\\/12\\\/35-sistema-relleno-alcorques_.jpg\",\"datePublished\":\"2021-12-14T08:43:50+00:00\",\"breadcrumb\":{\"@id\":\"https:\\\/\\\/www.valquimia.com\\\/fr\\\/produit\\\/cave-arbor-2\\\/#breadcrumb\"},\"inLanguage\":\"fr-FR\",\"potentialAction\":[{\"@type\":\"ReadAction\",\"target\":[\"https:\\\/\\\/www.valquimia.com\\\/fr\\\/produit\\\/cave-arbor-2\\\/\"]}]},{\"@type\":\"ImageObject\",\"inLanguage\":\"fr-FR\",\"@id\":\"https:\\\/\\\/www.valquimia.com\\\/fr\\\/produit\\\/cave-arbor-2\\\/#primaryimage\",\"url\":\"https:\\\/\\\/www.valquimia.com\\\/wp-content\\\/uploads\\\/2021\\\/12\\\/35-sistema-relleno-alcorques_.jpg\",\"contentUrl\":\"https:\\\/\\\/www.valquimia.com\\\/wp-content\\\/uploads\\\/2021\\\/12\\\/35-sistema-relleno-alcorques_.jpg\",\"width\":1542,\"height\":2056,\"caption\":\"sistema de relleno de alcorques 2\"},{\"@type\":\"BreadcrumbList\",\"@id\":\"https:\\\/\\\/www.valquimia.com\\\/fr\\\/produit\\\/cave-arbor-2\\\/#breadcrumb\",\"itemListElement\":[{\"@type\":\"ListItem\",\"position\":1,\"name\":\"Portada\",\"item\":\"https:\\\/\\\/www.valquimia.com\\\/fr\\\/\"},{\"@type\":\"ListItem\",\"position\":2,\"name\":\"Produits\",\"item\":\"https:\\\/\\\/www.valquimia.com\\\/fr\\\/produits\\\/\"},{\"@type\":\"ListItem\",\"position\":3,\"name\":\"Cave Arbor\"}]},{\"@type\":\"WebSite\",\"@id\":\"https:\\\/\\\/www.valquimia.com\\\/fr\\\/#website\",\"url\":\"https:\\\/\\\/www.valquimia.com\\\/fr\\\/\",\"name\":\"Valquimia\",\"description\":\"Productos qu\u00edmicos\",\"potentialAction\":[{\"@type\":\"SearchAction\",\"target\":{\"@type\":\"EntryPoint\",\"urlTemplate\":\"https:\\\/\\\/www.valquimia.com\\\/fr\\\/?s={search_term_string}\"},\"query-input\":{\"@type\":\"PropertyValueSpecification\",\"valueRequired\":true,\"valueName\":\"search_term_string\"}}],\"inLanguage\":\"fr-FR\"}]}<\/script>\n<!-- \/ Yoast SEO plugin. -->","yoast_head_json":{"title":"Cave Arbor - Valquimia","robots":{"index":"index","follow":"follow","max-snippet":"max-snippet:-1","max-image-preview":"max-image-preview:large","max-video-preview":"max-video-preview:-1"},"canonical":"https:\/\/www.valquimia.com\/fr\/produit\/cave-arbor-2\/","og_locale":"fr_FR","og_type":"article","og_title":"Cave Arbor - Valquimia","og_description":"Syst\u00e8me de r\u00e9sine \u00e0 deux composants pour agglom\u00e9rer les granulats. Format disponible : Pack de 880 grammes (A+B)","og_url":"https:\/\/www.valquimia.com\/fr\/produit\/cave-arbor-2\/","og_site_name":"Valquimia","og_image":[{"width":1542,"height":2056,"url":"https:\/\/www.valquimia.com\/wp-content\/uploads\/2021\/12\/35-sistema-relleno-alcorques_.jpg","type":"image\/jpeg"}],"twitter_card":"summary_large_image","schema":{"@context":"https:\/\/schema.org","@graph":[{"@type":"WebPage","@id":"https:\/\/www.valquimia.com\/fr\/produit\/cave-arbor-2\/","url":"https:\/\/www.valquimia.com\/fr\/produit\/cave-arbor-2\/","name":"Cave Arbor - Valquimia","isPartOf":{"@id":"https:\/\/www.valquimia.com\/fr\/#website"},"primaryImageOfPage":{"@id":"https:\/\/www.valquimia.com\/fr\/produit\/cave-arbor-2\/#primaryimage"},"image":{"@id":"https:\/\/www.valquimia.com\/fr\/produit\/cave-arbor-2\/#primaryimage"},"thumbnailUrl":"https:\/\/www.valquimia.com\/wp-content\/uploads\/2021\/12\/35-sistema-relleno-alcorques_.jpg","datePublished":"2021-12-14T08:43:50+00:00","breadcrumb":{"@id":"https:\/\/www.valquimia.com\/fr\/produit\/cave-arbor-2\/#breadcrumb"},"inLanguage":"fr-FR","potentialAction":[{"@type":"ReadAction","target":["https:\/\/www.valquimia.com\/fr\/produit\/cave-arbor-2\/"]}]},{"@type":"ImageObject","inLanguage":"fr-FR","@id":"https:\/\/www.valquimia.com\/fr\/produit\/cave-arbor-2\/#primaryimage","url":"https:\/\/www.valquimia.com\/wp-content\/uploads\/2021\/12\/35-sistema-relleno-alcorques_.jpg","contentUrl":"https:\/\/www.valquimia.com\/wp-content\/uploads\/2021\/12\/35-sistema-relleno-alcorques_.jpg","width":1542,"height":2056,"caption":"sistema de relleno de alcorques 2"},{"@type":"BreadcrumbList","@id":"https:\/\/www.valquimia.com\/fr\/produit\/cave-arbor-2\/#breadcrumb","itemListElement":[{"@type":"ListItem","position":1,"name":"Portada","item":"https:\/\/www.valquimia.com\/fr\/"},{"@type":"ListItem","position":2,"name":"Produits","item":"https:\/\/www.valquimia.com\/fr\/produits\/"},{"@type":"ListItem","position":3,"name":"Cave Arbor"}]},{"@type":"WebSite","@id":"https:\/\/www.valquimia.com\/fr\/#website","url":"https:\/\/www.valquimia.com\/fr\/","name":"Valquimia","description":"Productos qu\u00edmicos","potentialAction":[{"@type":"SearchAction","target":{"@type":"EntryPoint","urlTemplate":"https:\/\/www.valquimia.com\/fr\/?s={search_term_string}"},"query-input":{"@type":"PropertyValueSpecification","valueRequired":true,"valueName":"search_term_string"}}],"inLanguage":"fr-FR"}]}},"_links":{"self":[{"href":"https:\/\/www.valquimia.com\/fr\/wp-json\/wp\/v2\/product\/1627","targetHints":{"allow":["GET"]}}],"collection":[{"href":"https:\/\/www.valquimia.com\/fr\/wp-json\/wp\/v2\/product"}],"about":[{"href":"https:\/\/www.valquimia.com\/fr\/wp-json\/wp\/v2\/types\/product"}],"replies":[{"embeddable":true,"href":"https:\/\/www.valquimia.com\/fr\/wp-json\/wp\/v2\/comments?post=1627"}],"wp:featuredmedia":[{"embeddable":true,"href":"https:\/\/www.valquimia.com\/fr\/wp-json\/wp\/v2\/media\/1628"}],"wp:attachment":[{"href":"https:\/\/www.valquimia.com\/fr\/wp-json\/wp\/v2\/media?parent=1627"}],"wp:term":[{"taxonomy":"product_brand","embeddable":true,"href":"https:\/\/www.valquimia.com\/fr\/wp-json\/wp\/v2\/product_brand?post=1627"},{"taxonomy":"product_cat","embeddable":true,"href":"https:\/\/www.valquimia.com\/fr\/wp-json\/wp\/v2\/product_cat?post=1627"},{"taxonomy":"product_tag","embeddable":true,"href":"https:\/\/www.valquimia.com\/fr\/wp-json\/wp\/v2\/product_tag?post=1627"}],"curies":[{"name":"wp","href":"https:\/\/api.w.org\/{rel}","templated":true}]}}