{"id":1623,"date":"2021-12-14T09:45:50","date_gmt":"2021-12-14T08:45:50","guid":{"rendered":"https:\/\/www.valquimia.com\/tienda\/anti-herbe-g\/"},"modified":"2021-12-14T09:45:50","modified_gmt":"2021-12-14T08:45:50","slug":"anti-herbe-g","status":"publish","type":"product","link":"https:\/\/www.valquimia.com\/fr\/produit\/anti-herbe-g\/","title":{"rendered":"Anti-herbe G"},"content":{"rendered":"<p><strong>Rev\u00eatement de sol<\/strong> pour \u00e9viter la croissance des mauvaises herbes. Sans bruit lorsqu\u2019on marche dessus. G\u00e9otextile tiss\u00e9-non tiss\u00e9 constitu\u00e9 de fibres de polypropyl\u00e8ne, avec union m\u00e9canique par processus de perforation et thermofixation. Bonne t\u00e9nacit\u00e9 et r\u00e9sistance aux UV. Utilisation sur routes, fixation de terre, jardinage, d\u00e9chetteries, tunnels, etc. <strong>Formats : rouleaux 2&#215;100 m\u00e8tres<\/strong><\/p>\n","protected":false},"excerpt":{"rendered":"<p>Rev\u00eatement de sols pour \u00e9viter la croissance des mauvaises herbes. Sans bruit lorsqu\u2019on marche dessus. <strong>Formats : rouleaux 2&#215;100 m\u00e8tres<\/strong><\/p>\n","protected":false},"featured_media":1624,"comment_status":"closed","ping_status":"closed","template":"","meta":{"_et_pb_use_builder":"","_et_pb_old_content":"","_et_gb_content_width":"","_joinchat":[]},"product_brand":[],"product_cat":[86,89],"product_tag":[],"class_list":{"0":"post-1623","1":"product","2":"type-product","3":"status-publish","4":"has-post-thumbnail","6":"product_cat-gazon-terrains-de-sport-et-jardinage","7":"product_cat-revetement-anti-herbe","9":"first","10":"instock","11":"product-type-simple"},"yoast_head":"<!-- This site is optimized with the Yoast SEO plugin v27.3 - https:\/\/yoast.com\/product\/yoast-seo-wordpress\/ -->\n<title>Anti-herbe G - Valquimia<\/title>\n<meta name=\"robots\" content=\"index, follow, max-snippet:-1, max-image-preview:large, max-video-preview:-1\" \/>\n<link rel=\"canonical\" href=\"https:\/\/www.valquimia.com\/fr\/produit\/anti-herbe-g\/\" \/>\n<meta property=\"og:locale\" content=\"fr_FR\" \/>\n<meta property=\"og:type\" content=\"article\" \/>\n<meta property=\"og:title\" content=\"Anti-herbe G - Valquimia\" \/>\n<meta property=\"og:description\" content=\"Rev\u00eatement de sols pour \u00e9viter la croissance des mauvaises herbes. Sans bruit lorsqu\u2019on marche dessus. Formats : rouleaux 2x100 m\u00e8tres\" \/>\n<meta property=\"og:url\" content=\"https:\/\/www.valquimia.com\/fr\/produit\/anti-herbe-g\/\" \/>\n<meta property=\"og:site_name\" content=\"Valquimia\" \/>\n<meta property=\"og:image\" content=\"https:\/\/www.valquimia.com\/wp-content\/uploads\/2021\/12\/38-rollo-grande.jpg\" \/>\n\t<meta property=\"og:image:width\" content=\"1542\" \/>\n\t<meta property=\"og:image:height\" content=\"2056\" \/>\n\t<meta property=\"og:image:type\" content=\"image\/jpeg\" \/>\n<meta name=\"twitter:card\" content=\"summary_large_image\" \/>\n<script type=\"application\/ld+json\" class=\"yoast-schema-graph\">{\"@context\":\"https:\\\/\\\/schema.org\",\"@graph\":[{\"@type\":\"WebPage\",\"@id\":\"https:\\\/\\\/www.valquimia.com\\\/fr\\\/produit\\\/anti-herbe-g\\\/\",\"url\":\"https:\\\/\\\/www.valquimia.com\\\/fr\\\/produit\\\/anti-herbe-g\\\/\",\"name\":\"Anti-herbe G - Valquimia\",\"isPartOf\":{\"@id\":\"https:\\\/\\\/www.valquimia.com\\\/fr\\\/#website\"},\"primaryImageOfPage\":{\"@id\":\"https:\\\/\\\/www.valquimia.com\\\/fr\\\/produit\\\/anti-herbe-g\\\/#primaryimage\"},\"image\":{\"@id\":\"https:\\\/\\\/www.valquimia.com\\\/fr\\\/produit\\\/anti-herbe-g\\\/#primaryimage\"},\"thumbnailUrl\":\"https:\\\/\\\/www.valquimia.com\\\/wp-content\\\/uploads\\\/2021\\\/12\\\/38-rollo-grande.jpg\",\"datePublished\":\"2021-12-14T08:45:50+00:00\",\"breadcrumb\":{\"@id\":\"https:\\\/\\\/www.valquimia.com\\\/fr\\\/produit\\\/anti-herbe-g\\\/#breadcrumb\"},\"inLanguage\":\"fr-FR\",\"potentialAction\":[{\"@type\":\"ReadAction\",\"target\":[\"https:\\\/\\\/www.valquimia.com\\\/fr\\\/produit\\\/anti-herbe-g\\\/\"]}]},{\"@type\":\"ImageObject\",\"inLanguage\":\"fr-FR\",\"@id\":\"https:\\\/\\\/www.valquimia.com\\\/fr\\\/produit\\\/anti-herbe-g\\\/#primaryimage\",\"url\":\"https:\\\/\\\/www.valquimia.com\\\/wp-content\\\/uploads\\\/2021\\\/12\\\/38-rollo-grande.jpg\",\"contentUrl\":\"https:\\\/\\\/www.valquimia.com\\\/wp-content\\\/uploads\\\/2021\\\/12\\\/38-rollo-grande.jpg\",\"width\":1542,\"height\":2056,\"caption\":\"rollo grande\"},{\"@type\":\"BreadcrumbList\",\"@id\":\"https:\\\/\\\/www.valquimia.com\\\/fr\\\/produit\\\/anti-herbe-g\\\/#breadcrumb\",\"itemListElement\":[{\"@type\":\"ListItem\",\"position\":1,\"name\":\"Portada\",\"item\":\"https:\\\/\\\/www.valquimia.com\\\/fr\\\/\"},{\"@type\":\"ListItem\",\"position\":2,\"name\":\"Produits\",\"item\":\"https:\\\/\\\/www.valquimia.com\\\/fr\\\/produits\\\/\"},{\"@type\":\"ListItem\",\"position\":3,\"name\":\"Anti-herbe G\"}]},{\"@type\":\"WebSite\",\"@id\":\"https:\\\/\\\/www.valquimia.com\\\/fr\\\/#website\",\"url\":\"https:\\\/\\\/www.valquimia.com\\\/fr\\\/\",\"name\":\"Valquimia\",\"description\":\"Productos qu\u00edmicos\",\"potentialAction\":[{\"@type\":\"SearchAction\",\"target\":{\"@type\":\"EntryPoint\",\"urlTemplate\":\"https:\\\/\\\/www.valquimia.com\\\/fr\\\/?s={search_term_string}\"},\"query-input\":{\"@type\":\"PropertyValueSpecification\",\"valueRequired\":true,\"valueName\":\"search_term_string\"}}],\"inLanguage\":\"fr-FR\"}]}<\/script>\n<!-- \/ Yoast SEO plugin. -->","yoast_head_json":{"title":"Anti-herbe G - Valquimia","robots":{"index":"index","follow":"follow","max-snippet":"max-snippet:-1","max-image-preview":"max-image-preview:large","max-video-preview":"max-video-preview:-1"},"canonical":"https:\/\/www.valquimia.com\/fr\/produit\/anti-herbe-g\/","og_locale":"fr_FR","og_type":"article","og_title":"Anti-herbe G - Valquimia","og_description":"Rev\u00eatement de sols pour \u00e9viter la croissance des mauvaises herbes. Sans bruit lorsqu\u2019on marche dessus. Formats : rouleaux 2x100 m\u00e8tres","og_url":"https:\/\/www.valquimia.com\/fr\/produit\/anti-herbe-g\/","og_site_name":"Valquimia","og_image":[{"width":1542,"height":2056,"url":"https:\/\/www.valquimia.com\/wp-content\/uploads\/2021\/12\/38-rollo-grande.jpg","type":"image\/jpeg"}],"twitter_card":"summary_large_image","schema":{"@context":"https:\/\/schema.org","@graph":[{"@type":"WebPage","@id":"https:\/\/www.valquimia.com\/fr\/produit\/anti-herbe-g\/","url":"https:\/\/www.valquimia.com\/fr\/produit\/anti-herbe-g\/","name":"Anti-herbe G - Valquimia","isPartOf":{"@id":"https:\/\/www.valquimia.com\/fr\/#website"},"primaryImageOfPage":{"@id":"https:\/\/www.valquimia.com\/fr\/produit\/anti-herbe-g\/#primaryimage"},"image":{"@id":"https:\/\/www.valquimia.com\/fr\/produit\/anti-herbe-g\/#primaryimage"},"thumbnailUrl":"https:\/\/www.valquimia.com\/wp-content\/uploads\/2021\/12\/38-rollo-grande.jpg","datePublished":"2021-12-14T08:45:50+00:00","breadcrumb":{"@id":"https:\/\/www.valquimia.com\/fr\/produit\/anti-herbe-g\/#breadcrumb"},"inLanguage":"fr-FR","potentialAction":[{"@type":"ReadAction","target":["https:\/\/www.valquimia.com\/fr\/produit\/anti-herbe-g\/"]}]},{"@type":"ImageObject","inLanguage":"fr-FR","@id":"https:\/\/www.valquimia.com\/fr\/produit\/anti-herbe-g\/#primaryimage","url":"https:\/\/www.valquimia.com\/wp-content\/uploads\/2021\/12\/38-rollo-grande.jpg","contentUrl":"https:\/\/www.valquimia.com\/wp-content\/uploads\/2021\/12\/38-rollo-grande.jpg","width":1542,"height":2056,"caption":"rollo grande"},{"@type":"BreadcrumbList","@id":"https:\/\/www.valquimia.com\/fr\/produit\/anti-herbe-g\/#breadcrumb","itemListElement":[{"@type":"ListItem","position":1,"name":"Portada","item":"https:\/\/www.valquimia.com\/fr\/"},{"@type":"ListItem","position":2,"name":"Produits","item":"https:\/\/www.valquimia.com\/fr\/produits\/"},{"@type":"ListItem","position":3,"name":"Anti-herbe G"}]},{"@type":"WebSite","@id":"https:\/\/www.valquimia.com\/fr\/#website","url":"https:\/\/www.valquimia.com\/fr\/","name":"Valquimia","description":"Productos qu\u00edmicos","potentialAction":[{"@type":"SearchAction","target":{"@type":"EntryPoint","urlTemplate":"https:\/\/www.valquimia.com\/fr\/?s={search_term_string}"},"query-input":{"@type":"PropertyValueSpecification","valueRequired":true,"valueName":"search_term_string"}}],"inLanguage":"fr-FR"}]}},"_links":{"self":[{"href":"https:\/\/www.valquimia.com\/fr\/wp-json\/wp\/v2\/product\/1623","targetHints":{"allow":["GET"]}}],"collection":[{"href":"https:\/\/www.valquimia.com\/fr\/wp-json\/wp\/v2\/product"}],"about":[{"href":"https:\/\/www.valquimia.com\/fr\/wp-json\/wp\/v2\/types\/product"}],"replies":[{"embeddable":true,"href":"https:\/\/www.valquimia.com\/fr\/wp-json\/wp\/v2\/comments?post=1623"}],"wp:featuredmedia":[{"embeddable":true,"href":"https:\/\/www.valquimia.com\/fr\/wp-json\/wp\/v2\/media\/1624"}],"wp:attachment":[{"href":"https:\/\/www.valquimia.com\/fr\/wp-json\/wp\/v2\/media?parent=1623"}],"wp:term":[{"taxonomy":"product_brand","embeddable":true,"href":"https:\/\/www.valquimia.com\/fr\/wp-json\/wp\/v2\/product_brand?post=1623"},{"taxonomy":"product_cat","embeddable":true,"href":"https:\/\/www.valquimia.com\/fr\/wp-json\/wp\/v2\/product_cat?post=1623"},{"taxonomy":"product_tag","embeddable":true,"href":"https:\/\/www.valquimia.com\/fr\/wp-json\/wp\/v2\/product_tag?post=1623"}],"curies":[{"name":"wp","href":"https:\/\/api.w.org\/{rel}","templated":true}]}}