{"id":1837,"date":"2021-12-01T09:57:59","date_gmt":"2021-12-01T08:57:59","guid":{"rendered":"https:\/\/www.valquimia.com\/politica-de-cookies\/"},"modified":"2022-04-12T09:58:35","modified_gmt":"2022-04-12T07:58:35","slug":"politica-de-cookies","status":"publish","type":"page","link":"https:\/\/www.valquimia.com\/fr\/politica-de-cookies\/","title":{"rendered":"Politica de cookies"},"content":{"rendered":"<p>[et_pb_section fb_built=\u00a0\u00bb1&Prime; module_id=\u00a0\u00bbformulario\u00a0\u00bb _builder_version=\u00a0\u00bb4.14.4&Prime; _module_preset=\u00a0\u00bbdefault\u00a0\u00bb background_color=\u00a0\u00bb#F2F2F2&Prime; use_background_color_gradient=\u00a0\u00bbon\u00a0\u00bb background_color_gradient_start=\u00a0\u00bbrgba(242,242,242,0.65)\u00a0\u00bb background_color_gradient_end=\u00a0\u00bbrgba(232,232,232,0.97)\u00a0\u00bb background_color_gradient_overlays_image=\u00a0\u00bbon\u00a0\u00bb background_image=\u00a0\u00bbhttps:\/\/www.valquimia.com\/wp-content\/uploads\/2021\/12\/fondo-textura.jpg\u00a0\u00bb box_shadow_style=\u00a0\u00bbpreset1&Prime; box_shadow_color=\u00a0\u00bbrgba(55,104,0,0.22)\u00a0\u00bb global_colors_info=\u00a0\u00bb{}\u00a0\u00bb][et_pb_row _builder_version=\u00a0\u00bb4.14.4&Prime; _module_preset=\u00a0\u00bbdefault\u00a0\u00bb global_colors_info=\u00a0\u00bb{}\u00a0\u00bb][et_pb_column type=\u00a0\u00bb4_4&Prime; _builder_version=\u00a0\u00bb4.14.4&Prime; _module_preset=\u00a0\u00bbdefault\u00a0\u00bb global_colors_info=\u00a0\u00bb{}\u00a0\u00bb][et_pb_text _builder_version=\u00a0\u00bb4.14.5&Prime; _module_preset=\u00a0\u00bb606c5940-747e-4316-863a-81aa72ce254f\u00a0\u00bb header_text_align=\u00a0\u00bbcenter\u00a0\u00bb global_colors_info=\u00a0\u00bb{}\u00a0\u00bb]<\/p>\n<h1>Pol\u00edtica de cookies<\/h1>\n<p>[\/et_pb_text][\/et_pb_column][\/et_pb_row][\/et_pb_section][et_pb_section fb_built=\u00a0\u00bb1&Prime; admin_label=\u00a0\u00bbsection\u00a0\u00bb _builder_version=\u00a0\u00bb3.22&Prime; global_colors_info=\u00a0\u00bb{}\u00a0\u00bb][et_pb_row admin_label=\u00a0\u00bbrow\u00a0\u00bb _builder_version=\u00a0\u00bb3.25&Prime; background_size=\u00a0\u00bbinitial\u00a0\u00bb background_position=\u00a0\u00bbtop_left\u00a0\u00bb background_repeat=\u00a0\u00bbrepeat\u00a0\u00bb global_colors_info=\u00a0\u00bb{}\u00a0\u00bb][et_pb_column type=\u00a0\u00bb4_4&Prime; _builder_version=\u00a0\u00bb3.25&Prime; custom_padding=\u00a0\u00bb|||\u00a0\u00bb global_colors_info=\u00a0\u00bb{}\u00a0\u00bb custom_padding__hover=\u00a0\u00bb|||\u00a0\u00bb][et_pb_text admin_label=\u00a0\u00bbText\u00a0\u00bb _builder_version=\u00a0\u00bb4.14.5&Prime; _module_preset=\u00a0\u00bb606c5940-747e-4316-863a-81aa72ce254f\u00a0\u00bb header_3_font=\u00a0\u00bbOswald||||||||\u00a0\u00bb header_4_text_align=\u00a0\u00bbleft\u00a0\u00bb background_size=\u00a0\u00bbinitial\u00a0\u00bb background_position=\u00a0\u00bbtop_left\u00a0\u00bb background_repeat=\u00a0\u00bbrepeat\u00a0\u00bb hover_enabled=\u00a0\u00bb0&Prime; global_colors_info=\u00a0\u00bb{}\u00a0\u00bb sticky_enabled=\u00a0\u00bb0&Prime; global_module=\u00a0\u00bb979&Prime; saved_tabs=\u00a0\u00bball\u00a0\u00bb]<\/p>\n<p>Una cookie es un peque\u00f1o fichero de texto que se almacena en su navegador cuando visita casi cualquier p\u00e1gina web. Su utilidad es que la web sea capaz de recordar su visita cuando vuelva a navegar por esa p\u00e1gina. Las cookies suelen almacenar informaci\u00f3n de car\u00e1cter t\u00e9cnico, preferencias personales, personalizaci\u00f3n de contenidos, estad\u00edsticas de uso, enlaces a redes sociales, acceso a cuentas de usuario, etc. El objetivo de la cookie es adaptar el contenido de la web a su perfil y necesidades, sin cookies los servicios ofrecidos por cualquier p\u00e1gina se ver\u00edan mermados notablemente.<\/p>\n<p>La informaci\u00f3n que le proporcionamos a continuaci\u00f3n, le ayudar\u00e1 a comprender los diferentes tipos de cookies:<\/p>\n<h4>TIPOS DE COOKIES<\/h4>\n<p>SEG\u00daN LA ENTIDAD QUE LAS GESTIONE<\/p>\n<p>Cookies propias: Son aquellas que se recaban por el propio editor para prestar el servicio solicitado por el usuario.<\/p>\n<p>Cookies de tercero: Son aquellas que son recabadas y gestionadas por un tercero, estas no se pueden considerar propias.<\/p>\n<p>SEG\u00daN EL PLAZO DE TIEMPO QUE PERMANEZCAN ACTIVADAS<\/p>\n<p>Cookies de sesi\u00f3n: Recaban datos mientras el usuario navega por la red con la finalidad de prestar el servicio solicitado.<\/p>\n<p>Cookies persistentes: Se almacenan en el terminal y la informaci\u00f3n obtenida, ser\u00e1 utilizada por el responsable de la cookie con la finalidad de prestar el servicio solicitado.<\/p>\n<p>SEG\u00daN SU FINALIDAD<\/p>\n<p>Cookies t\u00e9cnicas: Son las necesarias para la correcta navegaci\u00f3n por la web.<\/p>\n<p>Cookies de an\u00e1lisis:\u00a0 Permiten al prestador el an\u00e1lisis vinculado a la navegaci\u00f3n realizada por el usuario, con la finalidad de llevar un seguimiento de uso de la p\u00e1gina web as\u00ed como realizar estad\u00edsticas de los contenidos m\u00e1s visitados, n\u00famero de visitantes, etc.<\/p>\n<p>Cookies marketing: Permiten al editor incluir en la web espacios publicitarios, seg\u00fan el contenido de la propia web.<\/p>\n<p>Cookies de marketing comportamental: Permiten al editor incluir en la p\u00e1gina web espacios publicitarios seg\u00fan la informaci\u00f3n obtenida a trav\u00e9s de los h\u00e1bitos de navegaci\u00f3n del usuario.<\/p>\n<p>Seg\u00fan lo dispuesto en el art\u00edculo 22.2 de la Ley 34\/2002, de 11 de julio, de Servicios de la Sociedad de la Informaci\u00f3n y de Comercio Electr\u00f3nico (LSSI-CE), <strong>AC Valquimia S.L.<\/strong>\u00a0 informa de las cookies utilizadas en nuestra website:<\/p>\n<h4>TIPOS DE COOKIES DE LA WEB<\/h4>\n<p>FINALIDAD<\/p>\n<p>Cookies t\u00e9cnicas: Cookies propias, Cookies de sesi\u00f3n.<\/p>\n<p>Cookies de personalizaci\u00f3n: \u2013<\/p>\n<p>Cookies de an\u00e1lisis: Cookies propias, Cookies de terceros.<\/p>\n<p>Cookies de marketing comportamental: Cookies de terceros.<\/p>\n<p><strong>AC Valquimia S.L.<\/strong> usa cookies en sus sitios web propias (t\u00e9cnicas y de sesi\u00f3n) necesarias para la navegaci\u00f3n por su sitio web. Podr\u00eda usar cookies de terceros, necesarias para la operatividad de algunos servicios no esenciales como estad\u00edsticas.<\/p>\n<h4>COOKIES UTILIZADAS EN ESTE SITIO WEB<\/h4>\n<p>Siguiendo las directrices de la Agencia Espa\u00f1ola de Protecci\u00f3n de Datos procedemos a detallar el uso de cookies que hace esta web con el fin de informarle con la m\u00e1xima exactitud posible.<\/p>\n<p>COOKIES PROPIAS:<\/p>\n<p><strong>_gid:<\/strong> Es una cookie de tipo anal\u00edtica \u2013 Google Analytics. Se usa para distinguir a los usuarios. Duraci\u00f3n de 24 horas.<\/p>\n<p><strong>_ga:<\/strong> Es una cookie de tipo anal\u00edtica \u2013 Google Analytics. De forma predeterminada, analytics.js usa una cookie propia llamada _ga para almacenar el ID de cliente. Se usa para distinguir a los usuarios. Caducidad de 2 a\u00f1os.<\/p>\n<p><strong>_ga_*:<\/strong> Es una cookie de tipo anal\u00edtica \u2013 Google Analytics. Se usa para almacenar estad\u00edsticas an\u00f3nimas. Duraci\u00f3n de 1 a\u00f1o.<\/p>\n<p><strong>-_gid:<\/strong> Es una cookie de tipo anal\u00edtica \u2013 Google Analytics. Se usa para distinguir a los usuarios. Duraci\u00f3n de 24 horas.<\/p>\n<p><strong>_gali<\/strong>:Utilitzada por Google Analytics para registrar los elementos de la p\u00e1gina anterior con los que el usuario ha interactuado para llegar a la p\u00e1gina actual. Retenci\u00f3n: de inmediato.<\/p>\n<p><strong><\/strong><\/p>\n<p><strong>Woocommerce<\/strong><\/p>\n<p><strong>wp_woocommerce_session_*<\/strong>: Cookie funcional. Guardar acciones hechas por usuarios en el sitio web. Retenci\u00f3n: sesi\u00f3n.<\/p>\n<p><strong>wc_fragments_*<\/strong>: Cookie funcional. No especificado. Retenci\u00f3n: persistente.<\/p>\n<p><strong><\/strong><\/p>\n<p><strong>Compilanz<\/strong><\/p>\n<p><strong>complianz_config:<\/strong> Cookie estad\u00edstica. Funci\u00f3n: Proveer un sitio web responsive. Retenci\u00f3n: 1 a\u00f1o.<\/p>\n<p><strong>complianz_policy_id:<\/strong> Cookie funcional. Funci\u00f3n: para almacenar el ID de pol\u00edtica de cookies aceptado. 1 a\u00f1o.<\/p>\n<p><strong>cmplz_marketing:<\/strong> Cookie funcional. Funci\u00f3n: para almacenar preferencias de consentimiento de cookies. 1 a\u00f1o.<\/p>\n<p><strong>complianz_consent_status:<\/strong> Cookie funcional. Funci\u00f3n: para almacenar preferencias de consentimiento de cookies. 1 a\u00f1o.<\/p>\n<p>&nbsp;<\/p>\n<p><strong>Whatsapp chat<\/strong><\/p>\n<p><strong>joinchat_country_code:<\/strong> No clasificada.<\/p>\n<p><strong>joinchat_views Funci\u00f3n<\/strong>: Se utiliza para recoger informaci\u00f3n sobre c\u00f3mo el visitante interact\u00faa con la funci\u00f3n de live chat de la web. Retenci\u00f3n: persistente.<\/p>\n<p><strong>joinchat_hashes Funci\u00f3n<\/strong>: chat de web. Retenci\u00f3n: 365 d\u00edas.<\/p>\n<p>&nbsp;<\/p>\n<p>COOKIES DE TERCEROS:<\/p>\n<p><strong>Google<\/strong><\/p>\n<p>\u00ab<strong>1P_JAR, ANID, DV, HSID, OGP, OGPC, OTZ, _Secure-3PAPISID, _Secure-3PSID, _Secure-APISID, _Secure-HSID, _Secure-SSID, SAPISID, PREF, SIDCC, SSID<\/strong>\u00bb Estas cookies son utilizados por Google para almacenar las preferencias del usuario y la informaci\u00f3n durante la visualizaci\u00f3n de las p\u00e1ginas con los mapas de Google en ellos. Para m\u00e1s <a href=\"https:\/\/www.google.es\/intl\/es\/policies\/technologies\/types\/\"><span style=\"font-weight: 400;\">informaci\u00f3n<\/span><\/a>.<\/p>\n<p><strong>_gat_gtag_UA_*<\/strong>: Cookies de estad\u00edsticas. Funci\u00f3n: guardar un ID de usuario \u00fanico. Retenci\u00f3n: 1 minuto.<\/p>\n<p><strong>Google Fonts API<\/strong> Cookie de marketing. Funci\u00f3n: preguntar la direcci\u00f3n IP del usuario. Retenci\u00f3n: nada.<\/p>\n<p><strong>Google reCAPTCHA<\/strong><\/p>\n<p>rc::c: Cookie de marketing Funci\u00f3n: solicitud de filtro de bots. Retenci\u00f3n: sesi\u00f3n.<\/p>\n<p>rc::b: Cookie de marketing Funci\u00f3n: solicitud de filtro de bots. Retenci\u00f3n: sesi\u00f3n.<\/p>\n<p>rc::a: Cookie de marketing Funci\u00f3n: solicitud de filtro de bots. Retenci\u00f3n: persistentes.<\/p>\n<p>&nbsp;<\/p>\n<h4>DESACTIVACI\u00d3N O ELIMINACI\u00d3N DE COOKIES:<\/h4>\n<p>Puedes aceptar o rechazar el uso de cookies a trav\u00e9s del centro de configuraci\u00f3n de cookies que <strong>AC Valquimia S.L.<\/strong> pone a tu disposici\u00f3n, y al que puedes acceder tanto a trav\u00e9s del mensaje de informaci\u00f3n b\u00e1sica sobre cookies que aparece al visitar el Sitio web por primera vez.<br \/>En el centro de configuraci\u00f3n de cookies de <strong>AC Valquimia S.L.<\/strong> podr\u00e1s consentir al uso de cookies, as\u00ed como retirar cualquier consentimiento para su uso ya otorgado, en cualquier momento y tantas veces como desees a trav\u00e9s de la pesta\u00f1a que aparece en la parte inferior izquierda de nuestra web.<br \/>Ten en cuenta que si aceptas las cookies de terceros, deber\u00e1s eliminarlas, si as\u00ed lo deseas, directamente a trav\u00e9s de las opciones de gesti\u00f3n de cookies de tu navegador, tal y como se explica en el siguiente punto.<\/p>\n<p>DESACTIVAR LAS COOKIES DESDE EL NAVEGADOR<br \/>En cualquier momento podr\u00e1 ejercer su derecho de desactivaci\u00f3n o eliminaci\u00f3n de cookies de este sitio web. Estas acciones se realizan de forma diferente en funci\u00f3n del navegador que est\u00e9 usando. Aqu\u00ed le dejamos una gu\u00eda r\u00e1pida para los navegadores m\u00e1s populares.<\/p>\n<p>Asimismo, <strong>AC Valquimia S.L.<\/strong> le proporciona los enlaces de diversos navegadores, a trav\u00e9s de los cuales podr\u00e1 realizar dicha configuraci\u00f3n:<\/p>\n<p><a href=\"https:\/\/support.mozilla.org\/es\/kb\/habilitar-y-deshabilitar-cookies-sitios-web-rastrear-preferencias?redirectlocale=es&amp;redirectslug=habilitar-y-deshabilitar-cookies-que-los-sitios-we\"><span style=\"font-weight: 400;\">Firefox <\/span><\/a><span style=\"font-weight: 400;\">\u00a0|\u00a0 <\/span><a href=\"https:\/\/support.google.com\/accounts\/answer\/61416?hl=es\"><span style=\"font-weight: 400;\">Chrome <\/span><\/a><span style=\"font-weight: 400;\">\u00a0|\u00a0 <\/span><a href=\"https:\/\/support.microsoft.com\/es-es\/hub\/4338813\/windows-help\"><span style=\"font-weight: 400;\">Explorer <\/span><\/a><span style=\"font-weight: 400;\">\u00a0| <\/span><a href=\"https:\/\/support.apple.com\/es-lamr\/guide\/safari\/sfri11471\/mac\"><span style=\"font-weight: 400;\">\u00a0Safari <\/span><\/a><span style=\"font-weight: 400;\">\u00a0|\u00a0 <\/span><a href=\"https:\/\/help.opera.com\/en\/latest\/web-preferences\/#cookies\"><span style=\"font-weight: 400;\">Opera<\/span><\/a><\/p>\n<h4>NOTAS ADICIONALES:<\/h4>\n<p>Ni esta web ni sus representantes legales se hacen responsables ni del contenido ni de la veracidad de las pol\u00edticas de privacidad que puedan tener los terceros mencionados en esta pol\u00edtica de cookies.<\/p>\n<p>Los navegadores web son las herramientas encargadas de almacenar las cookies y desde este lugar debe efectuar su derecho a eliminaci\u00f3n o desactivaci\u00f3n de las mismas. Ni esta web ni sus representantes legales pueden garantizar la correcta o incorrecta manipulaci\u00f3n de las cookies por parte de los mencionados navegadores.<\/p>\n<p>En algunos casos es necesario instalar cookies para que el navegador no olvide su decisi\u00f3n de no aceptaci\u00f3n de las mismas.<\/p>\n<p>En el caso de las cookies de Google Analytics, esta empresa almacena las cookies en servidores ubicados en Estados Unidos y se compromete a no compartirla con terceros, excepto en los casos en los que sea necesario para el funcionamiento del sistema o cuando la ley obligue a tal efecto. Seg\u00fan Google no guarda su direcci\u00f3n IP. Google Inc. es una compa\u00f1\u00eda adherida al Acuerdo de Puerto Seguro que garantiza que todos los datos transferidos ser\u00e1n tratados con un nivel de protecci\u00f3n acorde a la normativa europea. Puede consultar informaci\u00f3n detallada a este respecto en este enlace. Si desea informaci\u00f3n sobre el uso que Google da a las cookies le adjuntamos este otro enlace.<\/p>\n<p>Para cualquier duda o consulta acerca de esta pol\u00edtica de cookies no dude en comunicarse con nosotros a trav\u00e9s de la secci\u00f3n de contacto.<\/p>\n<p><em>A trav\u00e9s de la anal\u00edtica web no se obtiene informaci\u00f3n sobre sus datos personales garantizando la tutela de la privacidad de las personas que navegan por la web. La informaci\u00f3n que se obtiene es la relativa al n\u00famero de usuarios que acceden a la web, el n\u00famero de p\u00e1ginas vistas, la frecuencia y repetici\u00f3n de las visitas, su duraci\u00f3n, el navegador utilizado, el operador que presta el servicio, el idioma, el terminal que utiliza, o la ciudad a la que est\u00e1 asignada su direcci\u00f3n IP. Informaci\u00f3n que posibilita un mejor y m\u00e1s apropiado servicio por parte de este portal.<\/em><\/p>\n<p>[\/et_pb_text][\/et_pb_column][\/et_pb_row][\/et_pb_section]<\/p>\n","protected":false},"excerpt":{"rendered":"<p>Pol\u00edtica de cookies Una cookie es un peque\u00f1o fichero de texto que se almacena en su navegador cuando visita casi cualquier p\u00e1gina web. Su utilidad es que la web sea capaz de recordar su visita cuando vuelva a navegar por esa p\u00e1gina. Las cookies suelen almacenar informaci\u00f3n de car\u00e1cter t\u00e9cnico, preferencias personales, personalizaci\u00f3n de contenidos, [&hellip;]<\/p>\n","protected":false},"author":4,"featured_media":0,"parent":0,"menu_order":0,"comment_status":"closed","ping_status":"closed","template":"","meta":{"_et_pb_use_builder":"on","_et_pb_old_content":"","_et_gb_content_width":"","_joinchat":[],"footnotes":""},"class_list":["post-1837","page","type-page","status-publish","hentry"],"yoast_head":"<!-- This site is optimized with the Yoast SEO plugin v27.3 - https:\/\/yoast.com\/product\/yoast-seo-wordpress\/ -->\n<title>Politica de cookies - Valquimia<\/title>\n<meta name=\"robots\" content=\"noindex, nofollow\" \/>\n<meta property=\"og:locale\" content=\"fr_FR\" \/>\n<meta property=\"og:type\" content=\"article\" \/>\n<meta property=\"og:title\" content=\"Politica de cookies - Valquimia\" \/>\n<meta property=\"og:description\" content=\"Pol\u00edtica de cookies Una cookie es un peque\u00f1o fichero de texto que se almacena en su navegador cuando visita casi cualquier p\u00e1gina web. Su utilidad es que la web sea capaz de recordar su visita cuando vuelva a navegar por esa p\u00e1gina. Las cookies suelen almacenar informaci\u00f3n de car\u00e1cter t\u00e9cnico, preferencias personales, personalizaci\u00f3n de contenidos, [&hellip;]\" \/>\n<meta property=\"og:url\" content=\"https:\/\/www.valquimia.com\/fr\/politica-de-cookies\/\" \/>\n<meta property=\"og:site_name\" content=\"Valquimia\" \/>\n<meta property=\"article:modified_time\" content=\"2022-04-12T07:58:35+00:00\" \/>\n<meta name=\"twitter:card\" content=\"summary_large_image\" \/>\n<meta name=\"twitter:label1\" content=\"Dur\u00e9e de lecture estim\u00e9e\" \/>\n\t<meta name=\"twitter:data1\" content=\"9 minutes\" \/>\n<script type=\"application\/ld+json\" class=\"yoast-schema-graph\">{\"@context\":\"https:\\\/\\\/schema.org\",\"@graph\":[{\"@type\":\"WebPage\",\"@id\":\"https:\\\/\\\/www.valquimia.com\\\/fr\\\/politica-de-cookies\\\/\",\"url\":\"https:\\\/\\\/www.valquimia.com\\\/fr\\\/politica-de-cookies\\\/\",\"name\":\"Politica de cookies - Valquimia\",\"isPartOf\":{\"@id\":\"https:\\\/\\\/www.valquimia.com\\\/fr\\\/#website\"},\"datePublished\":\"2021-12-01T08:57:59+00:00\",\"dateModified\":\"2022-04-12T07:58:35+00:00\",\"breadcrumb\":{\"@id\":\"https:\\\/\\\/www.valquimia.com\\\/fr\\\/politica-de-cookies\\\/#breadcrumb\"},\"inLanguage\":\"fr-FR\",\"potentialAction\":[{\"@type\":\"ReadAction\",\"target\":[\"https:\\\/\\\/www.valquimia.com\\\/fr\\\/politica-de-cookies\\\/\"]}]},{\"@type\":\"BreadcrumbList\",\"@id\":\"https:\\\/\\\/www.valquimia.com\\\/fr\\\/politica-de-cookies\\\/#breadcrumb\",\"itemListElement\":[{\"@type\":\"ListItem\",\"position\":1,\"name\":\"Portada\",\"item\":\"https:\\\/\\\/www.valquimia.com\\\/fr\\\/\"},{\"@type\":\"ListItem\",\"position\":2,\"name\":\"Politica de cookies\"}]},{\"@type\":\"WebSite\",\"@id\":\"https:\\\/\\\/www.valquimia.com\\\/fr\\\/#website\",\"url\":\"https:\\\/\\\/www.valquimia.com\\\/fr\\\/\",\"name\":\"Valquimia\",\"description\":\"Productos qu\u00edmicos\",\"potentialAction\":[{\"@type\":\"SearchAction\",\"target\":{\"@type\":\"EntryPoint\",\"urlTemplate\":\"https:\\\/\\\/www.valquimia.com\\\/fr\\\/?s={search_term_string}\"},\"query-input\":{\"@type\":\"PropertyValueSpecification\",\"valueRequired\":true,\"valueName\":\"search_term_string\"}}],\"inLanguage\":\"fr-FR\"}]}<\/script>\n<!-- \/ Yoast SEO plugin. -->","yoast_head_json":{"title":"Politica de cookies - Valquimia","robots":{"index":"noindex","follow":"nofollow"},"og_locale":"fr_FR","og_type":"article","og_title":"Politica de cookies - Valquimia","og_description":"Pol\u00edtica de cookies Una cookie es un peque\u00f1o fichero de texto que se almacena en su navegador cuando visita casi cualquier p\u00e1gina web. Su utilidad es que la web sea capaz de recordar su visita cuando vuelva a navegar por esa p\u00e1gina. Las cookies suelen almacenar informaci\u00f3n de car\u00e1cter t\u00e9cnico, preferencias personales, personalizaci\u00f3n de contenidos, [&hellip;]","og_url":"https:\/\/www.valquimia.com\/fr\/politica-de-cookies\/","og_site_name":"Valquimia","article_modified_time":"2022-04-12T07:58:35+00:00","twitter_card":"summary_large_image","twitter_misc":{"Dur\u00e9e de lecture estim\u00e9e":"9 minutes"},"schema":{"@context":"https:\/\/schema.org","@graph":[{"@type":"WebPage","@id":"https:\/\/www.valquimia.com\/fr\/politica-de-cookies\/","url":"https:\/\/www.valquimia.com\/fr\/politica-de-cookies\/","name":"Politica de cookies - Valquimia","isPartOf":{"@id":"https:\/\/www.valquimia.com\/fr\/#website"},"datePublished":"2021-12-01T08:57:59+00:00","dateModified":"2022-04-12T07:58:35+00:00","breadcrumb":{"@id":"https:\/\/www.valquimia.com\/fr\/politica-de-cookies\/#breadcrumb"},"inLanguage":"fr-FR","potentialAction":[{"@type":"ReadAction","target":["https:\/\/www.valquimia.com\/fr\/politica-de-cookies\/"]}]},{"@type":"BreadcrumbList","@id":"https:\/\/www.valquimia.com\/fr\/politica-de-cookies\/#breadcrumb","itemListElement":[{"@type":"ListItem","position":1,"name":"Portada","item":"https:\/\/www.valquimia.com\/fr\/"},{"@type":"ListItem","position":2,"name":"Politica de cookies"}]},{"@type":"WebSite","@id":"https:\/\/www.valquimia.com\/fr\/#website","url":"https:\/\/www.valquimia.com\/fr\/","name":"Valquimia","description":"Productos qu\u00edmicos","potentialAction":[{"@type":"SearchAction","target":{"@type":"EntryPoint","urlTemplate":"https:\/\/www.valquimia.com\/fr\/?s={search_term_string}"},"query-input":{"@type":"PropertyValueSpecification","valueRequired":true,"valueName":"search_term_string"}}],"inLanguage":"fr-FR"}]}},"_links":{"self":[{"href":"https:\/\/www.valquimia.com\/fr\/wp-json\/wp\/v2\/pages\/1837","targetHints":{"allow":["GET"]}}],"collection":[{"href":"https:\/\/www.valquimia.com\/fr\/wp-json\/wp\/v2\/pages"}],"about":[{"href":"https:\/\/www.valquimia.com\/fr\/wp-json\/wp\/v2\/types\/page"}],"author":[{"embeddable":true,"href":"https:\/\/www.valquimia.com\/fr\/wp-json\/wp\/v2\/users\/4"}],"replies":[{"embeddable":true,"href":"https:\/\/www.valquimia.com\/fr\/wp-json\/wp\/v2\/comments?post=1837"}],"version-history":[{"count":1,"href":"https:\/\/www.valquimia.com\/fr\/wp-json\/wp\/v2\/pages\/1837\/revisions"}],"predecessor-version":[{"id":1838,"href":"https:\/\/www.valquimia.com\/fr\/wp-json\/wp\/v2\/pages\/1837\/revisions\/1838"}],"wp:attachment":[{"href":"https:\/\/www.valquimia.com\/fr\/wp-json\/wp\/v2\/media?parent=1837"}],"curies":[{"name":"wp","href":"https:\/\/api.w.org\/{rel}","templated":true}]}}