{"id":1821,"date":"2021-12-16T08:06:44","date_gmt":"2021-12-16T07:06:44","guid":{"rendered":"https:\/\/www.valquimia.com\/tienda\/epostone-ra\/"},"modified":"2021-12-16T08:06:44","modified_gmt":"2021-12-16T07:06:44","slug":"epostone-ra-2","status":"publish","type":"product","link":"https:\/\/www.valquimia.com\/en\/product\/epostone-ra-2\/","title":{"rendered":"Epostone RA"},"content":{"rendered":"<p>Imprimaci\u00f3n puente de uni\u00f3n en base a resinas epoxi para superficies de hormig\u00f3n problem\u00e1ticas. Baja viscosidad. Ligeramente flexible. Buen protector de la corrosi\u00f3n. Barrera a la humedad y el vapor de agua. Puede usarse junto a una malla reforzante embebida.<\/p>\n<p>Aplicaciones: Puente de uni\u00f3n e imprimaci\u00f3n previa a sistemas epoxi normales o sistemas poliuret\u00e1nicos, hormig\u00f3n muy poroso o no muy fuerte. Revestimiento de hormig\u00f3n. Puente de uni\u00f3n entre hormig\u00f3n nuevo y viejo (recrecidos) Uniones estructurales. Reparaciones sobre hormig\u00f3n.<\/p>\n<p><strong>Formatos disponibles : 1 kilo y 8 kilos.<\/strong><\/p>\n","protected":false},"excerpt":{"rendered":"<p>Puente de uni\u00f3n epoxi dos componentes para uniones estructurales y reparaci\u00f3n de hormig\u00f3n.<\/p>\n<p><strong>Formatos disponibles : 1 kilo y 8 kilos.<\/strong><\/p>\n","protected":false},"featured_media":1180,"comment_status":"closed","ping_status":"closed","template":"","meta":{"_et_pb_use_builder":"","_et_pb_old_content":"","_et_gb_content_width":"","_joinchat":[]},"product_brand":[],"product_cat":[107,72],"product_tag":[],"class_list":{"0":"post-1821","1":"product","2":"type-product","3":"status-publish","4":"has-post-thumbnail","6":"product_cat-bonding-bridge","7":"product_cat-construction","9":"first","10":"instock","11":"product-type-simple"},"yoast_head":"<!-- This site is optimized with the Yoast SEO plugin v27.3 - https:\/\/yoast.com\/product\/yoast-seo-wordpress\/ -->\n<title>Epostone RA - Valquimia<\/title>\n<meta name=\"robots\" content=\"index, follow, max-snippet:-1, max-image-preview:large, max-video-preview:-1\" \/>\n<link rel=\"canonical\" href=\"https:\/\/www.valquimia.com\/en\/product\/epostone-ra-2\/\" \/>\n<meta property=\"og:locale\" content=\"en_US\" \/>\n<meta property=\"og:type\" content=\"article\" \/>\n<meta property=\"og:title\" content=\"Epostone RA - Valquimia\" \/>\n<meta property=\"og:description\" content=\"Puente de uni\u00f3n epoxi dos componentes para uniones estructurales y reparaci\u00f3n de hormig\u00f3n. Formatos disponibles : 1 kilo y 8 kilos.\" \/>\n<meta property=\"og:url\" content=\"https:\/\/www.valquimia.com\/en\/product\/epostone-ra-2\/\" \/>\n<meta property=\"og:site_name\" content=\"Valquimia\" \/>\n<meta property=\"og:image\" content=\"https:\/\/www.valquimia.com\/wp-content\/uploads\/2021\/12\/04-epostone.jpg\" \/>\n\t<meta property=\"og:image:width\" content=\"1542\" \/>\n\t<meta property=\"og:image:height\" content=\"2056\" \/>\n\t<meta property=\"og:image:type\" content=\"image\/jpeg\" \/>\n<meta name=\"twitter:card\" content=\"summary_large_image\" \/>\n<script type=\"application\/ld+json\" class=\"yoast-schema-graph\">{\"@context\":\"https:\\\/\\\/schema.org\",\"@graph\":[{\"@type\":\"WebPage\",\"@id\":\"https:\\\/\\\/www.valquimia.com\\\/en\\\/product\\\/epostone-ra-2\\\/\",\"url\":\"https:\\\/\\\/www.valquimia.com\\\/en\\\/product\\\/epostone-ra-2\\\/\",\"name\":\"Epostone RA - Valquimia\",\"isPartOf\":{\"@id\":\"https:\\\/\\\/www.valquimia.com\\\/en\\\/#website\"},\"primaryImageOfPage\":{\"@id\":\"https:\\\/\\\/www.valquimia.com\\\/en\\\/product\\\/epostone-ra-2\\\/#primaryimage\"},\"image\":{\"@id\":\"https:\\\/\\\/www.valquimia.com\\\/en\\\/product\\\/epostone-ra-2\\\/#primaryimage\"},\"thumbnailUrl\":\"https:\\\/\\\/www.valquimia.com\\\/wp-content\\\/uploads\\\/2021\\\/12\\\/04-epostone.jpg\",\"datePublished\":\"2021-12-16T07:06:44+00:00\",\"breadcrumb\":{\"@id\":\"https:\\\/\\\/www.valquimia.com\\\/en\\\/product\\\/epostone-ra-2\\\/#breadcrumb\"},\"inLanguage\":\"en-US\",\"potentialAction\":[{\"@type\":\"ReadAction\",\"target\":[\"https:\\\/\\\/www.valquimia.com\\\/en\\\/product\\\/epostone-ra-2\\\/\"]}]},{\"@type\":\"ImageObject\",\"inLanguage\":\"en-US\",\"@id\":\"https:\\\/\\\/www.valquimia.com\\\/en\\\/product\\\/epostone-ra-2\\\/#primaryimage\",\"url\":\"https:\\\/\\\/www.valquimia.com\\\/wp-content\\\/uploads\\\/2021\\\/12\\\/04-epostone.jpg\",\"contentUrl\":\"https:\\\/\\\/www.valquimia.com\\\/wp-content\\\/uploads\\\/2021\\\/12\\\/04-epostone.jpg\",\"width\":1542,\"height\":2056,\"caption\":\"epostone 3\"},{\"@type\":\"BreadcrumbList\",\"@id\":\"https:\\\/\\\/www.valquimia.com\\\/en\\\/product\\\/epostone-ra-2\\\/#breadcrumb\",\"itemListElement\":[{\"@type\":\"ListItem\",\"position\":1,\"name\":\"Portada\",\"item\":\"https:\\\/\\\/www.valquimia.com\\\/en\\\/\"},{\"@type\":\"ListItem\",\"position\":2,\"name\":\"Products\",\"item\":\"https:\\\/\\\/www.valquimia.com\\\/en\\\/products\\\/\"},{\"@type\":\"ListItem\",\"position\":3,\"name\":\"Epostone RA\"}]},{\"@type\":\"WebSite\",\"@id\":\"https:\\\/\\\/www.valquimia.com\\\/en\\\/#website\",\"url\":\"https:\\\/\\\/www.valquimia.com\\\/en\\\/\",\"name\":\"Valquimia\",\"description\":\"Productos qu\u00edmicos\",\"potentialAction\":[{\"@type\":\"SearchAction\",\"target\":{\"@type\":\"EntryPoint\",\"urlTemplate\":\"https:\\\/\\\/www.valquimia.com\\\/en\\\/?s={search_term_string}\"},\"query-input\":{\"@type\":\"PropertyValueSpecification\",\"valueRequired\":true,\"valueName\":\"search_term_string\"}}],\"inLanguage\":\"en-US\"}]}<\/script>\n<!-- \/ Yoast SEO plugin. -->","yoast_head_json":{"title":"Epostone RA - Valquimia","robots":{"index":"index","follow":"follow","max-snippet":"max-snippet:-1","max-image-preview":"max-image-preview:large","max-video-preview":"max-video-preview:-1"},"canonical":"https:\/\/www.valquimia.com\/en\/product\/epostone-ra-2\/","og_locale":"en_US","og_type":"article","og_title":"Epostone RA - Valquimia","og_description":"Puente de uni\u00f3n epoxi dos componentes para uniones estructurales y reparaci\u00f3n de hormig\u00f3n. Formatos disponibles : 1 kilo y 8 kilos.","og_url":"https:\/\/www.valquimia.com\/en\/product\/epostone-ra-2\/","og_site_name":"Valquimia","og_image":[{"width":1542,"height":2056,"url":"https:\/\/www.valquimia.com\/wp-content\/uploads\/2021\/12\/04-epostone.jpg","type":"image\/jpeg"}],"twitter_card":"summary_large_image","schema":{"@context":"https:\/\/schema.org","@graph":[{"@type":"WebPage","@id":"https:\/\/www.valquimia.com\/en\/product\/epostone-ra-2\/","url":"https:\/\/www.valquimia.com\/en\/product\/epostone-ra-2\/","name":"Epostone RA - Valquimia","isPartOf":{"@id":"https:\/\/www.valquimia.com\/en\/#website"},"primaryImageOfPage":{"@id":"https:\/\/www.valquimia.com\/en\/product\/epostone-ra-2\/#primaryimage"},"image":{"@id":"https:\/\/www.valquimia.com\/en\/product\/epostone-ra-2\/#primaryimage"},"thumbnailUrl":"https:\/\/www.valquimia.com\/wp-content\/uploads\/2021\/12\/04-epostone.jpg","datePublished":"2021-12-16T07:06:44+00:00","breadcrumb":{"@id":"https:\/\/www.valquimia.com\/en\/product\/epostone-ra-2\/#breadcrumb"},"inLanguage":"en-US","potentialAction":[{"@type":"ReadAction","target":["https:\/\/www.valquimia.com\/en\/product\/epostone-ra-2\/"]}]},{"@type":"ImageObject","inLanguage":"en-US","@id":"https:\/\/www.valquimia.com\/en\/product\/epostone-ra-2\/#primaryimage","url":"https:\/\/www.valquimia.com\/wp-content\/uploads\/2021\/12\/04-epostone.jpg","contentUrl":"https:\/\/www.valquimia.com\/wp-content\/uploads\/2021\/12\/04-epostone.jpg","width":1542,"height":2056,"caption":"epostone 3"},{"@type":"BreadcrumbList","@id":"https:\/\/www.valquimia.com\/en\/product\/epostone-ra-2\/#breadcrumb","itemListElement":[{"@type":"ListItem","position":1,"name":"Portada","item":"https:\/\/www.valquimia.com\/en\/"},{"@type":"ListItem","position":2,"name":"Products","item":"https:\/\/www.valquimia.com\/en\/products\/"},{"@type":"ListItem","position":3,"name":"Epostone RA"}]},{"@type":"WebSite","@id":"https:\/\/www.valquimia.com\/en\/#website","url":"https:\/\/www.valquimia.com\/en\/","name":"Valquimia","description":"Productos qu\u00edmicos","potentialAction":[{"@type":"SearchAction","target":{"@type":"EntryPoint","urlTemplate":"https:\/\/www.valquimia.com\/en\/?s={search_term_string}"},"query-input":{"@type":"PropertyValueSpecification","valueRequired":true,"valueName":"search_term_string"}}],"inLanguage":"en-US"}]}},"_links":{"self":[{"href":"https:\/\/www.valquimia.com\/en\/wp-json\/wp\/v2\/product\/1821","targetHints":{"allow":["GET"]}}],"collection":[{"href":"https:\/\/www.valquimia.com\/en\/wp-json\/wp\/v2\/product"}],"about":[{"href":"https:\/\/www.valquimia.com\/en\/wp-json\/wp\/v2\/types\/product"}],"replies":[{"embeddable":true,"href":"https:\/\/www.valquimia.com\/en\/wp-json\/wp\/v2\/comments?post=1821"}],"wp:featuredmedia":[{"embeddable":true,"href":"https:\/\/www.valquimia.com\/en\/wp-json\/wp\/v2\/media\/1180"}],"wp:attachment":[{"href":"https:\/\/www.valquimia.com\/en\/wp-json\/wp\/v2\/media?parent=1821"}],"wp:term":[{"taxonomy":"product_brand","embeddable":true,"href":"https:\/\/www.valquimia.com\/en\/wp-json\/wp\/v2\/product_brand?post=1821"},{"taxonomy":"product_cat","embeddable":true,"href":"https:\/\/www.valquimia.com\/en\/wp-json\/wp\/v2\/product_cat?post=1821"},{"taxonomy":"product_tag","embeddable":true,"href":"https:\/\/www.valquimia.com\/en\/wp-json\/wp\/v2\/product_tag?post=1821"}],"curies":[{"name":"wp","href":"https:\/\/api.w.org\/{rel}","templated":true}]}}