{"id":1819,"date":"2021-12-16T08:07:44","date_gmt":"2021-12-16T07:07:44","guid":{"rendered":"https:\/\/www.valquimia.com\/tienda\/bridar-cuarzo\/"},"modified":"2021-12-16T08:07:44","modified_gmt":"2021-12-16T07:07:44","slug":"bridar-cuarzo-2","status":"publish","type":"product","link":"https:\/\/www.valquimia.com\/en\/product\/bridar-cuarzo-2\/","title":{"rendered":"Bridar cuarzo"},"content":{"rendered":"<p><strong>Bridar Cuarzo<\/strong> es una dispersi\u00f3n acuosa copol\u00edmera de \u00e9steres del \u00e1cido acr\u00edlico con part\u00edculas de cuarzo, de alta concentraci\u00f3n en resina. Tiene la funci\u00f3n de puente de uni\u00f3n o capa de imprimaci\u00f3n para facilitar la adherencia posterior de mortero o yeso a distintos sustratos: metal, hormig\u00f3n, cer\u00e1mica, piedra natural, madera, etc., as\u00ed como la uni\u00f3n de hormig\u00f3n nuevo y hormig\u00f3n viejo.<\/p>\n<p>Tambi\u00e9n se puede utilizar como imprimaci\u00f3n previa a la colocaci\u00f3n de adhesivos de baldosa en vertical u horizontal. Tras la aplicaci\u00f3n seca formando una pel\u00edcula permanente resistente a la alcalinidad garantizando la adhesi\u00f3n de morteros y yesos.<\/p>\n<p><strong>Formatos disponibles: 1 kilo, 5 kilos y 10 kilos.<\/strong><\/p>\n","protected":false},"excerpt":{"rendered":"<p>Puente de uni\u00f3n con particulas de cuarzo para la aplicaci\u00f3n posterior de morteros o yeso.<\/p>\n<p><strong>Formatos disponibles: 1 kilo, 5 kilos y 10 kilos.<\/strong><\/p>\n","protected":false},"featured_media":1115,"comment_status":"closed","ping_status":"closed","template":"","meta":{"_et_pb_use_builder":"","_et_pb_old_content":"","_et_gb_content_width":"","_joinchat":[]},"product_brand":[],"product_cat":[107,72],"product_tag":[],"class_list":{"0":"post-1819","1":"product","2":"type-product","3":"status-publish","4":"has-post-thumbnail","6":"product_cat-bonding-bridge","7":"product_cat-construction","9":"first","10":"instock","11":"product-type-simple"},"yoast_head":"<!-- This site is optimized with the Yoast SEO plugin v27.3 - https:\/\/yoast.com\/product\/yoast-seo-wordpress\/ -->\n<title>Bridar cuarzo - Valquimia<\/title>\n<meta name=\"robots\" content=\"index, follow, max-snippet:-1, max-image-preview:large, max-video-preview:-1\" \/>\n<link rel=\"canonical\" href=\"https:\/\/www.valquimia.com\/en\/product\/bridar-cuarzo-2\/\" \/>\n<meta property=\"og:locale\" content=\"en_US\" \/>\n<meta property=\"og:type\" content=\"article\" \/>\n<meta property=\"og:title\" content=\"Bridar cuarzo - Valquimia\" \/>\n<meta property=\"og:description\" content=\"Puente de uni\u00f3n con particulas de cuarzo para la aplicaci\u00f3n posterior de morteros o yeso. Formatos disponibles: 1 kilo, 5 kilos y 10 kilos.\" \/>\n<meta property=\"og:url\" content=\"https:\/\/www.valquimia.com\/en\/product\/bridar-cuarzo-2\/\" \/>\n<meta property=\"og:site_name\" content=\"Valquimia\" \/>\n<meta property=\"og:image\" content=\"https:\/\/www.valquimia.com\/wp-content\/uploads\/2021\/12\/02-bridar-cuarzo.jpg\" \/>\n\t<meta property=\"og:image:width\" content=\"1542\" \/>\n\t<meta property=\"og:image:height\" content=\"2056\" \/>\n\t<meta property=\"og:image:type\" content=\"image\/jpeg\" \/>\n<meta name=\"twitter:card\" content=\"summary_large_image\" \/>\n<meta name=\"twitter:label1\" content=\"Est. reading time\" \/>\n\t<meta name=\"twitter:data1\" content=\"1 minute\" \/>\n<script type=\"application\/ld+json\" class=\"yoast-schema-graph\">{\"@context\":\"https:\\\/\\\/schema.org\",\"@graph\":[{\"@type\":\"WebPage\",\"@id\":\"https:\\\/\\\/www.valquimia.com\\\/en\\\/product\\\/bridar-cuarzo-2\\\/\",\"url\":\"https:\\\/\\\/www.valquimia.com\\\/en\\\/product\\\/bridar-cuarzo-2\\\/\",\"name\":\"Bridar cuarzo - Valquimia\",\"isPartOf\":{\"@id\":\"https:\\\/\\\/www.valquimia.com\\\/en\\\/#website\"},\"primaryImageOfPage\":{\"@id\":\"https:\\\/\\\/www.valquimia.com\\\/en\\\/product\\\/bridar-cuarzo-2\\\/#primaryimage\"},\"image\":{\"@id\":\"https:\\\/\\\/www.valquimia.com\\\/en\\\/product\\\/bridar-cuarzo-2\\\/#primaryimage\"},\"thumbnailUrl\":\"https:\\\/\\\/www.valquimia.com\\\/wp-content\\\/uploads\\\/2021\\\/12\\\/02-bridar-cuarzo.jpg\",\"datePublished\":\"2021-12-16T07:07:44+00:00\",\"breadcrumb\":{\"@id\":\"https:\\\/\\\/www.valquimia.com\\\/en\\\/product\\\/bridar-cuarzo-2\\\/#breadcrumb\"},\"inLanguage\":\"en-US\",\"potentialAction\":[{\"@type\":\"ReadAction\",\"target\":[\"https:\\\/\\\/www.valquimia.com\\\/en\\\/product\\\/bridar-cuarzo-2\\\/\"]}]},{\"@type\":\"ImageObject\",\"inLanguage\":\"en-US\",\"@id\":\"https:\\\/\\\/www.valquimia.com\\\/en\\\/product\\\/bridar-cuarzo-2\\\/#primaryimage\",\"url\":\"https:\\\/\\\/www.valquimia.com\\\/wp-content\\\/uploads\\\/2021\\\/12\\\/02-bridar-cuarzo.jpg\",\"contentUrl\":\"https:\\\/\\\/www.valquimia.com\\\/wp-content\\\/uploads\\\/2021\\\/12\\\/02-bridar-cuarzo.jpg\",\"width\":1542,\"height\":2056,\"caption\":\"bridar cuarzo\"},{\"@type\":\"BreadcrumbList\",\"@id\":\"https:\\\/\\\/www.valquimia.com\\\/en\\\/product\\\/bridar-cuarzo-2\\\/#breadcrumb\",\"itemListElement\":[{\"@type\":\"ListItem\",\"position\":1,\"name\":\"Portada\",\"item\":\"https:\\\/\\\/www.valquimia.com\\\/en\\\/\"},{\"@type\":\"ListItem\",\"position\":2,\"name\":\"Products\",\"item\":\"https:\\\/\\\/www.valquimia.com\\\/en\\\/products\\\/\"},{\"@type\":\"ListItem\",\"position\":3,\"name\":\"Bridar cuarzo\"}]},{\"@type\":\"WebSite\",\"@id\":\"https:\\\/\\\/www.valquimia.com\\\/en\\\/#website\",\"url\":\"https:\\\/\\\/www.valquimia.com\\\/en\\\/\",\"name\":\"Valquimia\",\"description\":\"Productos qu\u00edmicos\",\"potentialAction\":[{\"@type\":\"SearchAction\",\"target\":{\"@type\":\"EntryPoint\",\"urlTemplate\":\"https:\\\/\\\/www.valquimia.com\\\/en\\\/?s={search_term_string}\"},\"query-input\":{\"@type\":\"PropertyValueSpecification\",\"valueRequired\":true,\"valueName\":\"search_term_string\"}}],\"inLanguage\":\"en-US\"}]}<\/script>\n<!-- \/ Yoast SEO plugin. -->","yoast_head_json":{"title":"Bridar cuarzo - Valquimia","robots":{"index":"index","follow":"follow","max-snippet":"max-snippet:-1","max-image-preview":"max-image-preview:large","max-video-preview":"max-video-preview:-1"},"canonical":"https:\/\/www.valquimia.com\/en\/product\/bridar-cuarzo-2\/","og_locale":"en_US","og_type":"article","og_title":"Bridar cuarzo - Valquimia","og_description":"Puente de uni\u00f3n con particulas de cuarzo para la aplicaci\u00f3n posterior de morteros o yeso. Formatos disponibles: 1 kilo, 5 kilos y 10 kilos.","og_url":"https:\/\/www.valquimia.com\/en\/product\/bridar-cuarzo-2\/","og_site_name":"Valquimia","og_image":[{"width":1542,"height":2056,"url":"https:\/\/www.valquimia.com\/wp-content\/uploads\/2021\/12\/02-bridar-cuarzo.jpg","type":"image\/jpeg"}],"twitter_card":"summary_large_image","twitter_misc":{"Est. reading time":"1 minute"},"schema":{"@context":"https:\/\/schema.org","@graph":[{"@type":"WebPage","@id":"https:\/\/www.valquimia.com\/en\/product\/bridar-cuarzo-2\/","url":"https:\/\/www.valquimia.com\/en\/product\/bridar-cuarzo-2\/","name":"Bridar cuarzo - Valquimia","isPartOf":{"@id":"https:\/\/www.valquimia.com\/en\/#website"},"primaryImageOfPage":{"@id":"https:\/\/www.valquimia.com\/en\/product\/bridar-cuarzo-2\/#primaryimage"},"image":{"@id":"https:\/\/www.valquimia.com\/en\/product\/bridar-cuarzo-2\/#primaryimage"},"thumbnailUrl":"https:\/\/www.valquimia.com\/wp-content\/uploads\/2021\/12\/02-bridar-cuarzo.jpg","datePublished":"2021-12-16T07:07:44+00:00","breadcrumb":{"@id":"https:\/\/www.valquimia.com\/en\/product\/bridar-cuarzo-2\/#breadcrumb"},"inLanguage":"en-US","potentialAction":[{"@type":"ReadAction","target":["https:\/\/www.valquimia.com\/en\/product\/bridar-cuarzo-2\/"]}]},{"@type":"ImageObject","inLanguage":"en-US","@id":"https:\/\/www.valquimia.com\/en\/product\/bridar-cuarzo-2\/#primaryimage","url":"https:\/\/www.valquimia.com\/wp-content\/uploads\/2021\/12\/02-bridar-cuarzo.jpg","contentUrl":"https:\/\/www.valquimia.com\/wp-content\/uploads\/2021\/12\/02-bridar-cuarzo.jpg","width":1542,"height":2056,"caption":"bridar cuarzo"},{"@type":"BreadcrumbList","@id":"https:\/\/www.valquimia.com\/en\/product\/bridar-cuarzo-2\/#breadcrumb","itemListElement":[{"@type":"ListItem","position":1,"name":"Portada","item":"https:\/\/www.valquimia.com\/en\/"},{"@type":"ListItem","position":2,"name":"Products","item":"https:\/\/www.valquimia.com\/en\/products\/"},{"@type":"ListItem","position":3,"name":"Bridar cuarzo"}]},{"@type":"WebSite","@id":"https:\/\/www.valquimia.com\/en\/#website","url":"https:\/\/www.valquimia.com\/en\/","name":"Valquimia","description":"Productos qu\u00edmicos","potentialAction":[{"@type":"SearchAction","target":{"@type":"EntryPoint","urlTemplate":"https:\/\/www.valquimia.com\/en\/?s={search_term_string}"},"query-input":{"@type":"PropertyValueSpecification","valueRequired":true,"valueName":"search_term_string"}}],"inLanguage":"en-US"}]}},"_links":{"self":[{"href":"https:\/\/www.valquimia.com\/en\/wp-json\/wp\/v2\/product\/1819","targetHints":{"allow":["GET"]}}],"collection":[{"href":"https:\/\/www.valquimia.com\/en\/wp-json\/wp\/v2\/product"}],"about":[{"href":"https:\/\/www.valquimia.com\/en\/wp-json\/wp\/v2\/types\/product"}],"replies":[{"embeddable":true,"href":"https:\/\/www.valquimia.com\/en\/wp-json\/wp\/v2\/comments?post=1819"}],"wp:featuredmedia":[{"embeddable":true,"href":"https:\/\/www.valquimia.com\/en\/wp-json\/wp\/v2\/media\/1115"}],"wp:attachment":[{"href":"https:\/\/www.valquimia.com\/en\/wp-json\/wp\/v2\/media?parent=1819"}],"wp:term":[{"taxonomy":"product_brand","embeddable":true,"href":"https:\/\/www.valquimia.com\/en\/wp-json\/wp\/v2\/product_brand?post=1819"},{"taxonomy":"product_cat","embeddable":true,"href":"https:\/\/www.valquimia.com\/en\/wp-json\/wp\/v2\/product_cat?post=1819"},{"taxonomy":"product_tag","embeddable":true,"href":"https:\/\/www.valquimia.com\/en\/wp-json\/wp\/v2\/product_tag?post=1819"}],"curies":[{"name":"wp","href":"https:\/\/api.w.org\/{rel}","templated":true}]}}