{"id":1805,"date":"2021-12-16T09:14:44","date_gmt":"2021-12-16T08:14:44","guid":{"rendered":"https:\/\/www.valquimia.com\/tienda\/enemor\/"},"modified":"2021-12-16T09:14:44","modified_gmt":"2021-12-16T08:14:44","slug":"enemor-2","status":"publish","type":"product","link":"https:\/\/www.valquimia.com\/en\/product\/enemor-2\/","title":{"rendered":"Enemor"},"content":{"rendered":"<p><strong>Enemor<\/strong> es un producto creado para acelerar el fraguado y endurecimiento del hormig\u00f3n, aumentando su resistencia incluso a temperaturas muy bajas. ENEMOR est\u00e1 exento en su composici\u00f3n de sustancias corrosivas. Se utiliza en hormigones en masa \u00f3 armados cuando se precisa acortar el tiempo de fraguado \u00f3 mantener el mismo a bajas temperaturas. El uso de ENEMOR hace que el tiempo de fraguado y endurecimiento sea mucho menor, por lo que es especialmente recomendable para hormigones en masa como tubos y bloques de hormig\u00f3n. Se puede emplear como anticongelante, cuando se trate de hormig\u00f3n en masa, ya que en tiempo fr\u00edo tiene un gran efecto.<\/p>\n<p>El producto tiene un efecto puramente acelerante incrementando generosamente la consistencia. Reduce los tiempos de principio y fin de fraguado a cualquier temperatura, siendo especialmente indicada su utilizaci\u00f3n en tiempo fr\u00edo.<\/p>\n<p><strong>Formatos disponibles: 5 kilos y 25 kilos.<\/strong><\/p>\n","protected":false},"excerpt":{"rendered":"<p>Acelerante de fraguado en hormigones y morteros.<\/p>\n<p><strong>Formatos disponibles: 5 kilos y 25 kilos.<\/strong><\/p>\n","protected":false},"featured_media":1127,"comment_status":"closed","ping_status":"closed","template":"","meta":{"_et_pb_use_builder":"","_et_pb_old_content":"","_et_gb_content_width":"","_joinchat":[]},"product_brand":[],"product_cat":[103,72],"product_tag":[],"class_list":{"0":"post-1805","1":"product","2":"type-product","3":"status-publish","4":"has-post-thumbnail","6":"product_cat-additives","7":"product_cat-construction","9":"first","10":"instock","11":"product-type-simple"},"yoast_head":"<!-- This site is optimized with the Yoast SEO plugin v27.3 - https:\/\/yoast.com\/product\/yoast-seo-wordpress\/ -->\n<title>Enemor - Valquimia<\/title>\n<meta name=\"robots\" content=\"index, follow, max-snippet:-1, max-image-preview:large, max-video-preview:-1\" \/>\n<link rel=\"canonical\" href=\"https:\/\/www.valquimia.com\/en\/product\/enemor-2\/\" \/>\n<meta property=\"og:locale\" content=\"en_US\" \/>\n<meta property=\"og:type\" content=\"article\" \/>\n<meta property=\"og:title\" content=\"Enemor - Valquimia\" \/>\n<meta property=\"og:description\" content=\"Acelerante de fraguado en hormigones y morteros. Formatos disponibles: 5 kilos y 25 kilos.\" \/>\n<meta property=\"og:url\" content=\"https:\/\/www.valquimia.com\/en\/product\/enemor-2\/\" \/>\n<meta property=\"og:site_name\" content=\"Valquimia\" \/>\n<meta property=\"og:image\" content=\"https:\/\/www.valquimia.com\/wp-content\/uploads\/2021\/12\/09-enemor.jpg\" \/>\n\t<meta property=\"og:image:width\" content=\"1542\" \/>\n\t<meta property=\"og:image:height\" content=\"2056\" \/>\n\t<meta property=\"og:image:type\" content=\"image\/jpeg\" \/>\n<meta name=\"twitter:card\" content=\"summary_large_image\" \/>\n<meta name=\"twitter:label1\" content=\"Est. reading time\" \/>\n\t<meta name=\"twitter:data1\" content=\"1 minute\" \/>\n<script type=\"application\/ld+json\" class=\"yoast-schema-graph\">{\"@context\":\"https:\\\/\\\/schema.org\",\"@graph\":[{\"@type\":\"WebPage\",\"@id\":\"https:\\\/\\\/www.valquimia.com\\\/en\\\/product\\\/enemor-2\\\/\",\"url\":\"https:\\\/\\\/www.valquimia.com\\\/en\\\/product\\\/enemor-2\\\/\",\"name\":\"Enemor - Valquimia\",\"isPartOf\":{\"@id\":\"https:\\\/\\\/www.valquimia.com\\\/en\\\/#website\"},\"primaryImageOfPage\":{\"@id\":\"https:\\\/\\\/www.valquimia.com\\\/en\\\/product\\\/enemor-2\\\/#primaryimage\"},\"image\":{\"@id\":\"https:\\\/\\\/www.valquimia.com\\\/en\\\/product\\\/enemor-2\\\/#primaryimage\"},\"thumbnailUrl\":\"https:\\\/\\\/www.valquimia.com\\\/wp-content\\\/uploads\\\/2021\\\/12\\\/09-enemor.jpg\",\"datePublished\":\"2021-12-16T08:14:44+00:00\",\"breadcrumb\":{\"@id\":\"https:\\\/\\\/www.valquimia.com\\\/en\\\/product\\\/enemor-2\\\/#breadcrumb\"},\"inLanguage\":\"en-US\",\"potentialAction\":[{\"@type\":\"ReadAction\",\"target\":[\"https:\\\/\\\/www.valquimia.com\\\/en\\\/product\\\/enemor-2\\\/\"]}]},{\"@type\":\"ImageObject\",\"inLanguage\":\"en-US\",\"@id\":\"https:\\\/\\\/www.valquimia.com\\\/en\\\/product\\\/enemor-2\\\/#primaryimage\",\"url\":\"https:\\\/\\\/www.valquimia.com\\\/wp-content\\\/uploads\\\/2021\\\/12\\\/09-enemor.jpg\",\"contentUrl\":\"https:\\\/\\\/www.valquimia.com\\\/wp-content\\\/uploads\\\/2021\\\/12\\\/09-enemor.jpg\",\"width\":1542,\"height\":2056,\"caption\":\"enemor\"},{\"@type\":\"BreadcrumbList\",\"@id\":\"https:\\\/\\\/www.valquimia.com\\\/en\\\/product\\\/enemor-2\\\/#breadcrumb\",\"itemListElement\":[{\"@type\":\"ListItem\",\"position\":1,\"name\":\"Portada\",\"item\":\"https:\\\/\\\/www.valquimia.com\\\/en\\\/\"},{\"@type\":\"ListItem\",\"position\":2,\"name\":\"Products\",\"item\":\"https:\\\/\\\/www.valquimia.com\\\/en\\\/products\\\/\"},{\"@type\":\"ListItem\",\"position\":3,\"name\":\"Enemor\"}]},{\"@type\":\"WebSite\",\"@id\":\"https:\\\/\\\/www.valquimia.com\\\/en\\\/#website\",\"url\":\"https:\\\/\\\/www.valquimia.com\\\/en\\\/\",\"name\":\"Valquimia\",\"description\":\"Productos qu\u00edmicos\",\"potentialAction\":[{\"@type\":\"SearchAction\",\"target\":{\"@type\":\"EntryPoint\",\"urlTemplate\":\"https:\\\/\\\/www.valquimia.com\\\/en\\\/?s={search_term_string}\"},\"query-input\":{\"@type\":\"PropertyValueSpecification\",\"valueRequired\":true,\"valueName\":\"search_term_string\"}}],\"inLanguage\":\"en-US\"}]}<\/script>\n<!-- \/ Yoast SEO plugin. -->","yoast_head_json":{"title":"Enemor - Valquimia","robots":{"index":"index","follow":"follow","max-snippet":"max-snippet:-1","max-image-preview":"max-image-preview:large","max-video-preview":"max-video-preview:-1"},"canonical":"https:\/\/www.valquimia.com\/en\/product\/enemor-2\/","og_locale":"en_US","og_type":"article","og_title":"Enemor - Valquimia","og_description":"Acelerante de fraguado en hormigones y morteros. Formatos disponibles: 5 kilos y 25 kilos.","og_url":"https:\/\/www.valquimia.com\/en\/product\/enemor-2\/","og_site_name":"Valquimia","og_image":[{"width":1542,"height":2056,"url":"https:\/\/www.valquimia.com\/wp-content\/uploads\/2021\/12\/09-enemor.jpg","type":"image\/jpeg"}],"twitter_card":"summary_large_image","twitter_misc":{"Est. reading time":"1 minute"},"schema":{"@context":"https:\/\/schema.org","@graph":[{"@type":"WebPage","@id":"https:\/\/www.valquimia.com\/en\/product\/enemor-2\/","url":"https:\/\/www.valquimia.com\/en\/product\/enemor-2\/","name":"Enemor - Valquimia","isPartOf":{"@id":"https:\/\/www.valquimia.com\/en\/#website"},"primaryImageOfPage":{"@id":"https:\/\/www.valquimia.com\/en\/product\/enemor-2\/#primaryimage"},"image":{"@id":"https:\/\/www.valquimia.com\/en\/product\/enemor-2\/#primaryimage"},"thumbnailUrl":"https:\/\/www.valquimia.com\/wp-content\/uploads\/2021\/12\/09-enemor.jpg","datePublished":"2021-12-16T08:14:44+00:00","breadcrumb":{"@id":"https:\/\/www.valquimia.com\/en\/product\/enemor-2\/#breadcrumb"},"inLanguage":"en-US","potentialAction":[{"@type":"ReadAction","target":["https:\/\/www.valquimia.com\/en\/product\/enemor-2\/"]}]},{"@type":"ImageObject","inLanguage":"en-US","@id":"https:\/\/www.valquimia.com\/en\/product\/enemor-2\/#primaryimage","url":"https:\/\/www.valquimia.com\/wp-content\/uploads\/2021\/12\/09-enemor.jpg","contentUrl":"https:\/\/www.valquimia.com\/wp-content\/uploads\/2021\/12\/09-enemor.jpg","width":1542,"height":2056,"caption":"enemor"},{"@type":"BreadcrumbList","@id":"https:\/\/www.valquimia.com\/en\/product\/enemor-2\/#breadcrumb","itemListElement":[{"@type":"ListItem","position":1,"name":"Portada","item":"https:\/\/www.valquimia.com\/en\/"},{"@type":"ListItem","position":2,"name":"Products","item":"https:\/\/www.valquimia.com\/en\/products\/"},{"@type":"ListItem","position":3,"name":"Enemor"}]},{"@type":"WebSite","@id":"https:\/\/www.valquimia.com\/en\/#website","url":"https:\/\/www.valquimia.com\/en\/","name":"Valquimia","description":"Productos qu\u00edmicos","potentialAction":[{"@type":"SearchAction","target":{"@type":"EntryPoint","urlTemplate":"https:\/\/www.valquimia.com\/en\/?s={search_term_string}"},"query-input":{"@type":"PropertyValueSpecification","valueRequired":true,"valueName":"search_term_string"}}],"inLanguage":"en-US"}]}},"_links":{"self":[{"href":"https:\/\/www.valquimia.com\/en\/wp-json\/wp\/v2\/product\/1805","targetHints":{"allow":["GET"]}}],"collection":[{"href":"https:\/\/www.valquimia.com\/en\/wp-json\/wp\/v2\/product"}],"about":[{"href":"https:\/\/www.valquimia.com\/en\/wp-json\/wp\/v2\/types\/product"}],"replies":[{"embeddable":true,"href":"https:\/\/www.valquimia.com\/en\/wp-json\/wp\/v2\/comments?post=1805"}],"wp:featuredmedia":[{"embeddable":true,"href":"https:\/\/www.valquimia.com\/en\/wp-json\/wp\/v2\/media\/1127"}],"wp:attachment":[{"href":"https:\/\/www.valquimia.com\/en\/wp-json\/wp\/v2\/media?parent=1805"}],"wp:term":[{"taxonomy":"product_brand","embeddable":true,"href":"https:\/\/www.valquimia.com\/en\/wp-json\/wp\/v2\/product_brand?post=1805"},{"taxonomy":"product_cat","embeddable":true,"href":"https:\/\/www.valquimia.com\/en\/wp-json\/wp\/v2\/product_cat?post=1805"},{"taxonomy":"product_tag","embeddable":true,"href":"https:\/\/www.valquimia.com\/en\/wp-json\/wp\/v2\/product_tag?post=1805"}],"curies":[{"name":"wp","href":"https:\/\/api.w.org\/{rel}","templated":true}]}}