{"id":1791,"date":"2021-12-16T09:21:44","date_gmt":"2021-12-16T08:21:44","guid":{"rendered":"https:\/\/www.valquimia.com\/tienda\/enecof-uso-directo\/"},"modified":"2021-12-16T09:21:44","modified_gmt":"2021-12-16T08:21:44","slug":"enecof-uso-directo-2","status":"publish","type":"product","link":"https:\/\/www.valquimia.com\/en\/product\/enecof-uso-directo-2\/","title":{"rendered":"Enecof Uso Directo"},"content":{"rendered":"<p><strong>Desencofrante de uso directo<\/strong>. Formulado en base a hidrocarburos y aditivos especiales. Dise\u00f1ado para el desmoldeo en la producci\u00f3n de prefabricados y encofrados en obras. Buenas propiedades anticorrosivas y antiadherentes. El desmolde de las piezas es simple, f\u00e1cil y limpio.<\/p>\n<p>Es un producto de gran rendimiento. La pel\u00edcula agente desencofrante protege temporalmente las partes met\u00e1licas del molde evitando su corrosi\u00f3n, e inhibe totalmente la formaci\u00f3n del poro en la superficie del hormig\u00f3n. Minimiza la limpieza del encofrado antes de volver a utilizarlo. Minimiza la entrada de aire entre el molde y el hormig\u00f3n, reduciendo de esta forma los defectos causados por esto. Toda clase de hormigonado de estructuras, donde no sean necesarias acabados muy exigentes.<\/p>\n<p><strong>Formato disponible: 25 litros.<\/strong><\/p>\n","protected":false},"excerpt":{"rendered":"<p>Desencofrante de uso directo.<\/p>\n<p><strong>Formato disponible: 25 litros.<\/strong><\/p>\n","protected":false},"featured_media":1145,"comment_status":"closed","ping_status":"closed","template":"","meta":{"_et_pb_use_builder":"","_et_pb_old_content":"","_et_gb_content_width":"","_joinchat":[]},"product_brand":[],"product_cat":[99,72],"product_tag":[],"class_list":{"0":"post-1791","1":"product","2":"type-product","3":"status-publish","4":"has-post-thumbnail","6":"product_cat-cleaners-and-release-agents","7":"product_cat-construction","9":"first","10":"instock","11":"product-type-simple"},"yoast_head":"<!-- This site is optimized with the Yoast SEO plugin v27.3 - https:\/\/yoast.com\/product\/yoast-seo-wordpress\/ -->\n<title>Enecof Uso Directo - Valquimia<\/title>\n<meta name=\"robots\" content=\"index, follow, max-snippet:-1, max-image-preview:large, max-video-preview:-1\" \/>\n<link rel=\"canonical\" href=\"https:\/\/www.valquimia.com\/en\/product\/enecof-uso-directo-2\/\" \/>\n<meta property=\"og:locale\" content=\"en_US\" \/>\n<meta property=\"og:type\" content=\"article\" \/>\n<meta property=\"og:title\" content=\"Enecof Uso Directo - Valquimia\" \/>\n<meta property=\"og:description\" content=\"Desencofrante de uso directo. Formato disponible: 25 litros.\" \/>\n<meta property=\"og:url\" content=\"https:\/\/www.valquimia.com\/en\/product\/enecof-uso-directo-2\/\" \/>\n<meta property=\"og:site_name\" content=\"Valquimia\" \/>\n<meta property=\"og:image\" content=\"https:\/\/www.valquimia.com\/wp-content\/uploads\/2021\/12\/18-enecof-directo.jpg\" \/>\n\t<meta property=\"og:image:width\" content=\"1542\" \/>\n\t<meta property=\"og:image:height\" content=\"2056\" \/>\n\t<meta property=\"og:image:type\" content=\"image\/jpeg\" \/>\n<meta name=\"twitter:card\" content=\"summary_large_image\" \/>\n<meta name=\"twitter:label1\" content=\"Est. reading time\" \/>\n\t<meta name=\"twitter:data1\" content=\"1 minute\" \/>\n<script type=\"application\/ld+json\" class=\"yoast-schema-graph\">{\"@context\":\"https:\\\/\\\/schema.org\",\"@graph\":[{\"@type\":\"WebPage\",\"@id\":\"https:\\\/\\\/www.valquimia.com\\\/en\\\/product\\\/enecof-uso-directo-2\\\/\",\"url\":\"https:\\\/\\\/www.valquimia.com\\\/en\\\/product\\\/enecof-uso-directo-2\\\/\",\"name\":\"Enecof Uso Directo - Valquimia\",\"isPartOf\":{\"@id\":\"https:\\\/\\\/www.valquimia.com\\\/en\\\/#website\"},\"primaryImageOfPage\":{\"@id\":\"https:\\\/\\\/www.valquimia.com\\\/en\\\/product\\\/enecof-uso-directo-2\\\/#primaryimage\"},\"image\":{\"@id\":\"https:\\\/\\\/www.valquimia.com\\\/en\\\/product\\\/enecof-uso-directo-2\\\/#primaryimage\"},\"thumbnailUrl\":\"https:\\\/\\\/www.valquimia.com\\\/wp-content\\\/uploads\\\/2021\\\/12\\\/18-enecof-directo.jpg\",\"datePublished\":\"2021-12-16T08:21:44+00:00\",\"breadcrumb\":{\"@id\":\"https:\\\/\\\/www.valquimia.com\\\/en\\\/product\\\/enecof-uso-directo-2\\\/#breadcrumb\"},\"inLanguage\":\"en-US\",\"potentialAction\":[{\"@type\":\"ReadAction\",\"target\":[\"https:\\\/\\\/www.valquimia.com\\\/en\\\/product\\\/enecof-uso-directo-2\\\/\"]}]},{\"@type\":\"ImageObject\",\"inLanguage\":\"en-US\",\"@id\":\"https:\\\/\\\/www.valquimia.com\\\/en\\\/product\\\/enecof-uso-directo-2\\\/#primaryimage\",\"url\":\"https:\\\/\\\/www.valquimia.com\\\/wp-content\\\/uploads\\\/2021\\\/12\\\/18-enecof-directo.jpg\",\"contentUrl\":\"https:\\\/\\\/www.valquimia.com\\\/wp-content\\\/uploads\\\/2021\\\/12\\\/18-enecof-directo.jpg\",\"width\":1542,\"height\":2056,\"caption\":\"enecof directo\"},{\"@type\":\"BreadcrumbList\",\"@id\":\"https:\\\/\\\/www.valquimia.com\\\/en\\\/product\\\/enecof-uso-directo-2\\\/#breadcrumb\",\"itemListElement\":[{\"@type\":\"ListItem\",\"position\":1,\"name\":\"Portada\",\"item\":\"https:\\\/\\\/www.valquimia.com\\\/en\\\/\"},{\"@type\":\"ListItem\",\"position\":2,\"name\":\"Products\",\"item\":\"https:\\\/\\\/www.valquimia.com\\\/en\\\/products\\\/\"},{\"@type\":\"ListItem\",\"position\":3,\"name\":\"Enecof Uso Directo\"}]},{\"@type\":\"WebSite\",\"@id\":\"https:\\\/\\\/www.valquimia.com\\\/en\\\/#website\",\"url\":\"https:\\\/\\\/www.valquimia.com\\\/en\\\/\",\"name\":\"Valquimia\",\"description\":\"Productos qu\u00edmicos\",\"potentialAction\":[{\"@type\":\"SearchAction\",\"target\":{\"@type\":\"EntryPoint\",\"urlTemplate\":\"https:\\\/\\\/www.valquimia.com\\\/en\\\/?s={search_term_string}\"},\"query-input\":{\"@type\":\"PropertyValueSpecification\",\"valueRequired\":true,\"valueName\":\"search_term_string\"}}],\"inLanguage\":\"en-US\"}]}<\/script>\n<!-- \/ Yoast SEO plugin. -->","yoast_head_json":{"title":"Enecof Uso Directo - Valquimia","robots":{"index":"index","follow":"follow","max-snippet":"max-snippet:-1","max-image-preview":"max-image-preview:large","max-video-preview":"max-video-preview:-1"},"canonical":"https:\/\/www.valquimia.com\/en\/product\/enecof-uso-directo-2\/","og_locale":"en_US","og_type":"article","og_title":"Enecof Uso Directo - Valquimia","og_description":"Desencofrante de uso directo. Formato disponible: 25 litros.","og_url":"https:\/\/www.valquimia.com\/en\/product\/enecof-uso-directo-2\/","og_site_name":"Valquimia","og_image":[{"width":1542,"height":2056,"url":"https:\/\/www.valquimia.com\/wp-content\/uploads\/2021\/12\/18-enecof-directo.jpg","type":"image\/jpeg"}],"twitter_card":"summary_large_image","twitter_misc":{"Est. reading time":"1 minute"},"schema":{"@context":"https:\/\/schema.org","@graph":[{"@type":"WebPage","@id":"https:\/\/www.valquimia.com\/en\/product\/enecof-uso-directo-2\/","url":"https:\/\/www.valquimia.com\/en\/product\/enecof-uso-directo-2\/","name":"Enecof Uso Directo - Valquimia","isPartOf":{"@id":"https:\/\/www.valquimia.com\/en\/#website"},"primaryImageOfPage":{"@id":"https:\/\/www.valquimia.com\/en\/product\/enecof-uso-directo-2\/#primaryimage"},"image":{"@id":"https:\/\/www.valquimia.com\/en\/product\/enecof-uso-directo-2\/#primaryimage"},"thumbnailUrl":"https:\/\/www.valquimia.com\/wp-content\/uploads\/2021\/12\/18-enecof-directo.jpg","datePublished":"2021-12-16T08:21:44+00:00","breadcrumb":{"@id":"https:\/\/www.valquimia.com\/en\/product\/enecof-uso-directo-2\/#breadcrumb"},"inLanguage":"en-US","potentialAction":[{"@type":"ReadAction","target":["https:\/\/www.valquimia.com\/en\/product\/enecof-uso-directo-2\/"]}]},{"@type":"ImageObject","inLanguage":"en-US","@id":"https:\/\/www.valquimia.com\/en\/product\/enecof-uso-directo-2\/#primaryimage","url":"https:\/\/www.valquimia.com\/wp-content\/uploads\/2021\/12\/18-enecof-directo.jpg","contentUrl":"https:\/\/www.valquimia.com\/wp-content\/uploads\/2021\/12\/18-enecof-directo.jpg","width":1542,"height":2056,"caption":"enecof directo"},{"@type":"BreadcrumbList","@id":"https:\/\/www.valquimia.com\/en\/product\/enecof-uso-directo-2\/#breadcrumb","itemListElement":[{"@type":"ListItem","position":1,"name":"Portada","item":"https:\/\/www.valquimia.com\/en\/"},{"@type":"ListItem","position":2,"name":"Products","item":"https:\/\/www.valquimia.com\/en\/products\/"},{"@type":"ListItem","position":3,"name":"Enecof Uso Directo"}]},{"@type":"WebSite","@id":"https:\/\/www.valquimia.com\/en\/#website","url":"https:\/\/www.valquimia.com\/en\/","name":"Valquimia","description":"Productos qu\u00edmicos","potentialAction":[{"@type":"SearchAction","target":{"@type":"EntryPoint","urlTemplate":"https:\/\/www.valquimia.com\/en\/?s={search_term_string}"},"query-input":{"@type":"PropertyValueSpecification","valueRequired":true,"valueName":"search_term_string"}}],"inLanguage":"en-US"}]}},"_links":{"self":[{"href":"https:\/\/www.valquimia.com\/en\/wp-json\/wp\/v2\/product\/1791","targetHints":{"allow":["GET"]}}],"collection":[{"href":"https:\/\/www.valquimia.com\/en\/wp-json\/wp\/v2\/product"}],"about":[{"href":"https:\/\/www.valquimia.com\/en\/wp-json\/wp\/v2\/types\/product"}],"replies":[{"embeddable":true,"href":"https:\/\/www.valquimia.com\/en\/wp-json\/wp\/v2\/comments?post=1791"}],"wp:featuredmedia":[{"embeddable":true,"href":"https:\/\/www.valquimia.com\/en\/wp-json\/wp\/v2\/media\/1145"}],"wp:attachment":[{"href":"https:\/\/www.valquimia.com\/en\/wp-json\/wp\/v2\/media?parent=1791"}],"wp:term":[{"taxonomy":"product_brand","embeddable":true,"href":"https:\/\/www.valquimia.com\/en\/wp-json\/wp\/v2\/product_brand?post=1791"},{"taxonomy":"product_cat","embeddable":true,"href":"https:\/\/www.valquimia.com\/en\/wp-json\/wp\/v2\/product_cat?post=1791"},{"taxonomy":"product_tag","embeddable":true,"href":"https:\/\/www.valquimia.com\/en\/wp-json\/wp\/v2\/product_tag?post=1791"}],"curies":[{"name":"wp","href":"https:\/\/api.w.org\/{rel}","templated":true}]}}