{"id":1562,"date":"2021-12-01T07:43:02","date_gmt":"2021-12-01T06:43:02","guid":{"rendered":"https:\/\/www.valquimia.com\/sales-and-refund-policy\/"},"modified":"2022-04-06T13:55:39","modified_gmt":"2022-04-06T11:55:39","slug":"sales-and-refund-policy","status":"publish","type":"page","link":"https:\/\/www.valquimia.com\/en\/sales-and-refund-policy\/","title":{"rendered":"Sales and refund policy"},"content":{"rendered":"<p>[et_pb_section fb_built=&#8221;1&#8243; module_id=&#8221;formulario&#8221; _builder_version=&#8221;4.14.4&#8243; _module_preset=&#8221;default&#8221; background_color=&#8221;#F2F2F2&#8243; use_background_color_gradient=&#8221;on&#8221; background_color_gradient_start=&#8221;rgba(242,242,242,0.65)&#8221; background_color_gradient_end=&#8221;rgba(232,232,232,0.97)&#8221; background_color_gradient_overlays_image=&#8221;on&#8221; background_image=&#8221;https:\/\/www.valquimia.com\/wp-content\/uploads\/2021\/12\/fondo-textura.jpg&#8221; box_shadow_style=&#8221;preset1&#8243; box_shadow_color=&#8221;rgba(55,104,0,0.22)&#8221; global_colors_info=&#8221;{}&#8221;][et_pb_row _builder_version=&#8221;4.14.4&#8243; _module_preset=&#8221;default&#8221; global_colors_info=&#8221;{}&#8221;][et_pb_column type=&#8221;4_4&#8243; _builder_version=&#8221;4.14.4&#8243; _module_preset=&#8221;default&#8221; global_colors_info=&#8221;{}&#8221;][et_pb_text _builder_version=&#8221;4.14.5&#8243; _module_preset=&#8221;606c5940-747e-4316-863a-81aa72ce254f&#8221; header_text_align=&#8221;center&#8221; global_colors_info=&#8221;{}&#8221;]<\/p>\n<h1>Sales and refund policy<\/h1>\n<p>[\/et_pb_text][\/et_pb_column][\/et_pb_row][\/et_pb_section][et_pb_section fb_built=&#8221;1&#8243; admin_label=&#8221;section&#8221; _builder_version=&#8221;3.22&#8243; global_colors_info=&#8221;{}&#8221;][et_pb_row admin_label=&#8221;row&#8221; _builder_version=&#8221;3.25&#8243; background_size=&#8221;initial&#8221; background_position=&#8221;top_left&#8221; background_repeat=&#8221;repeat&#8221; global_colors_info=&#8221;{}&#8221;][et_pb_column type=&#8221;4_4&#8243; _builder_version=&#8221;3.25&#8243; custom_padding=&#8221;|||&#8221; global_colors_info=&#8221;{}&#8221; custom_padding__hover=&#8221;|||&#8221;][et_pb_text admin_label=&#8221;Text&#8221; _builder_version=&#8221;4.14.5&#8243; _module_preset=&#8221;606c5940-747e-4316-863a-81aa72ce254f&#8221; header_4_text_align=&#8221;left&#8221; background_size=&#8221;initial&#8221; background_position=&#8221;top_left&#8221; background_repeat=&#8221;repeat&#8221; global_colors_info=&#8221;{}&#8221; global_module=&#8221;986&#8243; saved_tabs=&#8221;all&#8221;]<\/p>\n<div id=\"content\" class=\"span12 article-container tc-gallery-style\">\n<article id=\"page-1376\" class=\"row-fluid post-1376 page type-page status-publish hentry hover\">\n<div class=\"entry-content\">\n<h4>1.- Precios.<\/h4>\n<p>Los precios publicados incluyen IVA, y son los v\u00e1lidos a abonar por el cliente salvo error tipogr\u00e1fico.<\/p>\n<h4>2.- Condiciones de pago<\/h4>\n<p>Los productos se abonar\u00e1n por anticipado mediante transferencia.<\/p>\n<h4>3.- Envios.<\/h4>\n<p>No se realizar\u00e1 ning\u00fan env\u00edo hasta que el departamento de administraci\u00f3n no haya comprobado que se ha realizado el pago oportuno. Se considerar\u00e1 transporte incluido en el precio para todos los pedidos cuyo peso supere los 240 kg, siempre que el destino sea peninsular, para las islas Baleares o Canarias se tendr\u00e1 que consultar previamente. As\u00ed mismo para env\u00edos internacionales se tendr\u00e1 que hacer la consulta pertinente. En los env\u00edos internacionales el cliente deber\u00e1 abonar a la recepci\u00f3n del env\u00edo los posibles cargos de aduanas o impuestos locales. A la recepci\u00f3n del pedido es responsabilidad del comprador el revisar la mercanc\u00eda antes de firmar el albar\u00e1n de entrega.<\/p>\n<h4>4.- Plazos.<\/h4>\n<p>El tiempo de entrega suele estar entre 5 y 10 d\u00edas laborables, dependiendo de la localizaci\u00f3n del cliente. Plazos siempre a t\u00edtulo orientativo, su demora no implicara la anulaci\u00f3n de la compra ni indemnizaci\u00f3n alguna.<\/p>\n<p>Para el supuesto en que el producto no est\u00e9 disponible despu\u00e9s de haberse realizado el pedido, el Cliente ser\u00e1 informado por email de la anulaci\u00f3n total o parcial de \u00e9ste.<\/p>\n<h4>5.- Devoluciones.<\/h4>\n<p>Se aceptar\u00e1 la devoluci\u00f3n de la mercanc\u00eda hasta en una plazo de siete d\u00edas desde su recepci\u00f3n, siempre en su embalaje original, previa autorizaci\u00f3n y por el mismo medio de transporte por el que se ha realizado el env\u00edo. Para cualquier consulta tendr\u00e1 que comunicarlo previamente mediante correo electr\u00f3nico a info@valquimia.com, o bien telef\u00f3nicamente al 865 77 86 86. En caso de rotura AC Valquimia, S.L.U. le volver\u00e1 a realizar un nuevo env\u00edo de la misma mercanc\u00eda y recoger\u00e1 la da\u00f1ada, sin ning\u00fan coste adicional por parte del comprador. En caso de cualquier otra devoluci\u00f3n ser\u00e1 el comprador el que deber\u00e1 asumir los gastos ocasionados en el transporte. Una vez comprobado el estado de los productos devueltos, se proceder\u00e1 a la devoluci\u00f3n del dinero al cliente por el mismo medio en el que este hubiera hecho el pago. La cantidad a devolver ser\u00e1 la cantidad que el cliente pago por los productos devueltos sin incluir los gastos de env\u00edo.<\/p>\n<h4>6.- Garantias.<\/h4>\n<p>Todos los productos est\u00e1n garantizados, en los t\u00e9rminos legalmente establecidos, por un per\u00edodo de un a\u00f1o desde la fecha de entrega. La garant\u00eda no cubre manipulaciones o trato indebido o golpes accidentales.<\/p>\n<h4>7.- Causa mayor.<\/h4>\n<p>Las partes no incurrir\u00e1n en responsabilidad ante cualquier falta debida a causa mayor. El cumplimiento de la obligaci\u00f3n se demorar\u00e1 hasta el cese del caso de fuerza mayor. AC Valquimia, S.L.U. espera que los desacuerdos que pudieran surgir se resuelvan de manera amistosa. Cuando esto no sea posible el cliente se somete expresamente a la jurisdicci\u00f3n de los tribunales de Elda para su resoluci\u00f3n.<\/p>\n<\/div>\n<\/article>\n<\/div>\n<p>[\/et_pb_text][\/et_pb_column][\/et_pb_row][\/et_pb_section]<\/p>\n","protected":false},"excerpt":{"rendered":"<p>Sales and refund policy 1.- Precios. Los precios publicados incluyen IVA, y son los v\u00e1lidos a abonar por el cliente salvo error tipogr\u00e1fico. 2.- Condiciones de pago Los productos se abonar\u00e1n por anticipado mediante transferencia. 3.- Envios. No se realizar\u00e1 ning\u00fan env\u00edo hasta que el departamento de administraci\u00f3n no haya comprobado que se ha realizado [&hellip;]<\/p>\n","protected":false},"author":2,"featured_media":0,"parent":0,"menu_order":0,"comment_status":"closed","ping_status":"closed","template":"","meta":{"_et_pb_use_builder":"on","_et_pb_old_content":"","_et_gb_content_width":"","_joinchat":[],"footnotes":""},"class_list":["post-1562","page","type-page","status-publish","hentry"],"yoast_head":"<!-- This site is optimized with the Yoast SEO plugin v27.3 - https:\/\/yoast.com\/product\/yoast-seo-wordpress\/ -->\n<title>Sales and refund policy - Valquimia<\/title>\n<meta name=\"robots\" content=\"noindex, nofollow\" \/>\n<meta property=\"og:locale\" content=\"en_US\" \/>\n<meta property=\"og:type\" content=\"article\" \/>\n<meta property=\"og:title\" content=\"Sales and refund policy - Valquimia\" \/>\n<meta property=\"og:description\" content=\"Sales and refund policy 1.- Precios. Los precios publicados incluyen IVA, y son los v\u00e1lidos a abonar por el cliente salvo error tipogr\u00e1fico. 2.- Condiciones de pago Los productos se abonar\u00e1n por anticipado mediante transferencia. 3.- Envios. No se realizar\u00e1 ning\u00fan env\u00edo hasta que el departamento de administraci\u00f3n no haya comprobado que se ha realizado [&hellip;]\" \/>\n<meta property=\"og:url\" content=\"https:\/\/www.valquimia.com\/en\/sales-and-refund-policy\/\" \/>\n<meta property=\"og:site_name\" content=\"Valquimia\" \/>\n<meta property=\"article:modified_time\" content=\"2022-04-06T11:55:39+00:00\" \/>\n<meta name=\"twitter:card\" content=\"summary_large_image\" \/>\n<meta name=\"twitter:label1\" content=\"Est. reading time\" \/>\n\t<meta name=\"twitter:data1\" content=\"4 minutes\" \/>\n<script type=\"application\/ld+json\" class=\"yoast-schema-graph\">{\"@context\":\"https:\\\/\\\/schema.org\",\"@graph\":[{\"@type\":\"WebPage\",\"@id\":\"https:\\\/\\\/www.valquimia.com\\\/en\\\/sales-and-refund-policy\\\/\",\"url\":\"https:\\\/\\\/www.valquimia.com\\\/en\\\/sales-and-refund-policy\\\/\",\"name\":\"Sales and refund policy - Valquimia\",\"isPartOf\":{\"@id\":\"https:\\\/\\\/www.valquimia.com\\\/en\\\/#website\"},\"datePublished\":\"2021-12-01T06:43:02+00:00\",\"dateModified\":\"2022-04-06T11:55:39+00:00\",\"breadcrumb\":{\"@id\":\"https:\\\/\\\/www.valquimia.com\\\/en\\\/sales-and-refund-policy\\\/#breadcrumb\"},\"inLanguage\":\"en-US\",\"potentialAction\":[{\"@type\":\"ReadAction\",\"target\":[\"https:\\\/\\\/www.valquimia.com\\\/en\\\/sales-and-refund-policy\\\/\"]}]},{\"@type\":\"BreadcrumbList\",\"@id\":\"https:\\\/\\\/www.valquimia.com\\\/en\\\/sales-and-refund-policy\\\/#breadcrumb\",\"itemListElement\":[{\"@type\":\"ListItem\",\"position\":1,\"name\":\"Portada\",\"item\":\"https:\\\/\\\/www.valquimia.com\\\/en\\\/\"},{\"@type\":\"ListItem\",\"position\":2,\"name\":\"Sales and refund policy\"}]},{\"@type\":\"WebSite\",\"@id\":\"https:\\\/\\\/www.valquimia.com\\\/en\\\/#website\",\"url\":\"https:\\\/\\\/www.valquimia.com\\\/en\\\/\",\"name\":\"Valquimia\",\"description\":\"Productos qu\u00edmicos\",\"potentialAction\":[{\"@type\":\"SearchAction\",\"target\":{\"@type\":\"EntryPoint\",\"urlTemplate\":\"https:\\\/\\\/www.valquimia.com\\\/en\\\/?s={search_term_string}\"},\"query-input\":{\"@type\":\"PropertyValueSpecification\",\"valueRequired\":true,\"valueName\":\"search_term_string\"}}],\"inLanguage\":\"en-US\"}]}<\/script>\n<!-- \/ Yoast SEO plugin. -->","yoast_head_json":{"title":"Sales and refund policy - Valquimia","robots":{"index":"noindex","follow":"nofollow"},"og_locale":"en_US","og_type":"article","og_title":"Sales and refund policy - Valquimia","og_description":"Sales and refund policy 1.- Precios. Los precios publicados incluyen IVA, y son los v\u00e1lidos a abonar por el cliente salvo error tipogr\u00e1fico. 2.- Condiciones de pago Los productos se abonar\u00e1n por anticipado mediante transferencia. 3.- Envios. No se realizar\u00e1 ning\u00fan env\u00edo hasta que el departamento de administraci\u00f3n no haya comprobado que se ha realizado [&hellip;]","og_url":"https:\/\/www.valquimia.com\/en\/sales-and-refund-policy\/","og_site_name":"Valquimia","article_modified_time":"2022-04-06T11:55:39+00:00","twitter_card":"summary_large_image","twitter_misc":{"Est. reading time":"4 minutes"},"schema":{"@context":"https:\/\/schema.org","@graph":[{"@type":"WebPage","@id":"https:\/\/www.valquimia.com\/en\/sales-and-refund-policy\/","url":"https:\/\/www.valquimia.com\/en\/sales-and-refund-policy\/","name":"Sales and refund policy - Valquimia","isPartOf":{"@id":"https:\/\/www.valquimia.com\/en\/#website"},"datePublished":"2021-12-01T06:43:02+00:00","dateModified":"2022-04-06T11:55:39+00:00","breadcrumb":{"@id":"https:\/\/www.valquimia.com\/en\/sales-and-refund-policy\/#breadcrumb"},"inLanguage":"en-US","potentialAction":[{"@type":"ReadAction","target":["https:\/\/www.valquimia.com\/en\/sales-and-refund-policy\/"]}]},{"@type":"BreadcrumbList","@id":"https:\/\/www.valquimia.com\/en\/sales-and-refund-policy\/#breadcrumb","itemListElement":[{"@type":"ListItem","position":1,"name":"Portada","item":"https:\/\/www.valquimia.com\/en\/"},{"@type":"ListItem","position":2,"name":"Sales and refund policy"}]},{"@type":"WebSite","@id":"https:\/\/www.valquimia.com\/en\/#website","url":"https:\/\/www.valquimia.com\/en\/","name":"Valquimia","description":"Productos qu\u00edmicos","potentialAction":[{"@type":"SearchAction","target":{"@type":"EntryPoint","urlTemplate":"https:\/\/www.valquimia.com\/en\/?s={search_term_string}"},"query-input":{"@type":"PropertyValueSpecification","valueRequired":true,"valueName":"search_term_string"}}],"inLanguage":"en-US"}]}},"_links":{"self":[{"href":"https:\/\/www.valquimia.com\/en\/wp-json\/wp\/v2\/pages\/1562","targetHints":{"allow":["GET"]}}],"collection":[{"href":"https:\/\/www.valquimia.com\/en\/wp-json\/wp\/v2\/pages"}],"about":[{"href":"https:\/\/www.valquimia.com\/en\/wp-json\/wp\/v2\/types\/page"}],"author":[{"embeddable":true,"href":"https:\/\/www.valquimia.com\/en\/wp-json\/wp\/v2\/users\/2"}],"replies":[{"embeddable":true,"href":"https:\/\/www.valquimia.com\/en\/wp-json\/wp\/v2\/comments?post=1562"}],"version-history":[{"count":2,"href":"https:\/\/www.valquimia.com\/en\/wp-json\/wp\/v2\/pages\/1562\/revisions"}],"predecessor-version":[{"id":1564,"href":"https:\/\/www.valquimia.com\/en\/wp-json\/wp\/v2\/pages\/1562\/revisions\/1564"}],"wp:attachment":[{"href":"https:\/\/www.valquimia.com\/en\/wp-json\/wp\/v2\/media?parent=1562"}],"curies":[{"name":"wp","href":"https:\/\/api.w.org\/{rel}","templated":true}]}}